{"id":20540,"date":"2025-01-23T01:50:43","date_gmt":"2025-01-23T06:50:43","guid":{"rendered":"https:\/\/scubapanama.com\/product\/ist-yk-04-convertidor-de-valvula-de-deposito\/"},"modified":"2025-05-05T15:15:55","modified_gmt":"2025-05-05T20:15:55","slug":"ist-yk-04-convertidor-de-valvula-de-deposito","status":"publish","type":"product","link":"https:\/\/scubapanama.com\/es\/product\/ist-yk-04-convertidor-de-valvula-de-deposito\/","title":{"rendered":"IST CONVERTIDOR DE V\u00c1LVULA DE DEP\u00d3SITO (YK-04)"},"content":{"rendered":"<p><span>Material: Lat\u00f3n cromado<\/span><\/p>\n<p><span>\uff0eCompatible con: V\u00e1lvula de tanque DIN de 200 BAR con rosca hembra G5\/8<\/span><\/p>\n","protected":false},"excerpt":{"rendered":"<p><span>Material: Lat\u00f3n cromado<\/span><\/p>\n<p>&nbsp;<\/p>\n","protected":false},"featured_media":23729,"comment_status":"open","ping_status":"closed","template":"","meta":{"iawp_total_views":2,"_joinchat":[]},"product_brand":[],"product_cat":[111],"product_tag":[218],"class_list":{"0":"post-20540","1":"product","2":"type-product","3":"status-publish","4":"has-post-thumbnail","6":"product_cat-tienda-online","7":"product_tag-ist-es","9":"first","10":"onbackorder","11":"taxable","12":"shipping-taxable","13":"purchasable","14":"product-type-simple"},"booking_location":null,"booking_location_type":null,"booking_duration":null,"booking_duration_unit":null,"booking_buffer":null,"booking_cost":null,"booking_resources":null,"_links":{"self":[{"href":"https:\/\/scubapanama.com\/es\/wp-json\/wp\/v2\/product\/20540","targetHints":{"allow":["GET"]}}],"collection":[{"href":"https:\/\/scubapanama.com\/es\/wp-json\/wp\/v2\/product"}],"about":[{"href":"https:\/\/scubapanama.com\/es\/wp-json\/wp\/v2\/types\/product"}],"replies":[{"embeddable":true,"href":"https:\/\/scubapanama.com\/es\/wp-json\/wp\/v2\/comments?post=20540"}],"version-history":[{"count":2,"href":"https:\/\/scubapanama.com\/es\/wp-json\/wp\/v2\/product\/20540\/revisions"}],"predecessor-version":[{"id":25074,"href":"https:\/\/scubapanama.com\/es\/wp-json\/wp\/v2\/product\/20540\/revisions\/25074"}],"wp:featuredmedia":[{"embeddable":true,"href":"https:\/\/scubapanama.com\/es\/wp-json\/wp\/v2\/media\/23729"}],"wp:attachment":[{"href":"https:\/\/scubapanama.com\/es\/wp-json\/wp\/v2\/media?parent=20540"}],"wp:term":[{"taxonomy":"product_brand","embeddable":true,"href":"https:\/\/scubapanama.com\/es\/wp-json\/wp\/v2\/product_brand?post=20540"},{"taxonomy":"product_cat","embeddable":true,"href":"https:\/\/scubapanama.com\/es\/wp-json\/wp\/v2\/product_cat?post=20540"},{"taxonomy":"product_tag","embeddable":true,"href":"https:\/\/scubapanama.com\/es\/wp-json\/wp\/v2\/product_tag?post=20540"}],"curies":[{"name":"wp","href":"https:\/\/api.w.org\/{rel}","templated":true}]}}