{"id":20513,"date":"2025-01-23T01:50:46","date_gmt":"2025-01-23T06:50:46","guid":{"rendered":"https:\/\/scubapanama.com\/product\/ocea-04-1338-modulo-de-presion-usa-c-tem\/"},"modified":"2025-05-13T13:36:19","modified_gmt":"2025-05-13T18:36:19","slug":"ocea-04-1338-modulo-de-presion-usa-c-tem","status":"publish","type":"product","link":"https:\/\/scubapanama.com\/es\/product\/ocea-04-1338-modulo-de-presion-usa-c-tem\/","title":{"rendered":"OCEANIC M\u00d3DULO DE PRESI\u00d3N USA C\/TEM (04.1338)"},"content":{"rendered":"<p data-start=\"236\" data-end=\"348\"><span class=\"relative -mx-px my-[-0.2rem] rounded px-px py-[0.2rem] transition-colors duration-100 ease-in-out\">El <strong data-start=\"3\" data-end=\"40\">Oceanic SPG Swivel Module con Tab<\/strong> es un man\u00f3metro subacu\u00e1tico modular dise\u00f1ado para ofrecer precisi\u00f3n y durabilidad a los buceadores.<\/span> <span class=\"relative -mx-px my-[-0.2rem] rounded px-px py-[0.2rem] transition-colors duration-100 ease-in-out\">Este modelo incluye una leng\u00fceta (tab) que facilita su fijaci\u00f3n a un chaleco de buceo (BCD), brindando mayor seguridad y comodidad durante las inmersiones.<\/span><\/p>\n<h4 data-start=\"350\" data-end=\"390\"><strong data-start=\"358\" data-end=\"390\">Caracter\u00edsticas principales:<\/strong><\/h4>\n<ul data-start=\"392\" data-end=\"927\">\n<li data-start=\"392\" data-end=\"462\">\n<p data-start=\"394\" data-end=\"462\"><strong data-start=\"394\" data-end=\"424\">Compatibilidad con Nitrox:<\/strong> <span class=\"relative -mx-px my-[-0.2rem] rounded px-px py-[0.2rem] transition-colors duration-100 ease-in-out\">Apto para mezclas de hasta 50% de ox\u00edgeno.<\/span><\/p>\n<\/li>\n<li data-start=\"463\" data-end=\"527\">\n<p data-start=\"465\" data-end=\"527\"><strong data-start=\"465\" data-end=\"487\">Escala de presi\u00f3n:<\/strong> <span class=\"relative -mx-px my-[-0.2rem] rounded px-px py-[0.2rem] transition-colors duration-100 ease-in-out\">Hasta 5000 psi (aproximadamente 345 bar).<\/span><\/p>\n<\/li>\n<li data-start=\"528\" data-end=\"596\">\n<p data-start=\"530\" data-end=\"596\"><strong data-start=\"530\" data-end=\"556\">Iluminaci\u00f3n OceanGlo:<\/strong> <span class=\"relative -mx-px my-[-0.2rem] rounded px-px py-[0.2rem] transition-colors duration-100 ease-in-out\">Esfera luminosa que absorbe luz y brilla hasta 7 veces m\u00e1s r\u00e1pido y durante m\u00e1s tiempo que otros materiales.<\/span><\/p>\n<\/li>\n<li data-start=\"597\" data-end=\"669\">\n<p data-start=\"599\" data-end=\"669\"><strong data-start=\"599\" data-end=\"629\">Mecanismo Bourdon tubular:<\/strong> <span class=\"relative -mx-px my-[-0.2rem] rounded px-px py-[0.2rem] transition-colors duration-100 ease-in-out\">Resistente a golpes y vibraciones.<\/span><\/p>\n<\/li>\n<li data-start=\"670\" data-end=\"752\">\n<p data-start=\"672\" data-end=\"752\"><strong data-start=\"672\" data-end=\"712\">V\u00e1lvula de seguridad unidireccional:<\/strong> <span class=\"relative -mx-px my-[-0.2rem] rounded px-px py-[0.2rem] transition-colors duration-100 ease-in-out\">Previene la entrada de agua.<\/span><\/p>\n<\/li>\n<li data-start=\"753\" data-end=\"819\">\n<p data-start=\"755\" data-end=\"819\"><strong data-start=\"755\" data-end=\"779\">Zona de advertencia:<\/strong> <span class=\"relative -mx-px my-[-0.2rem] rounded px-px py-[0.2rem] transition-colors duration-100 ease-in-out\">\u00c1rea fluorescente de 500 psi (aproximadamente 34 bar) para alertar sobre niveles bajos de presi\u00f3n.<\/span><\/p>\n<\/li>\n<li data-start=\"820\" data-end=\"927\">\n<p data-start=\"822\" data-end=\"927\"><strong data-start=\"822\" data-end=\"848\">Temperatura integrada:<\/strong> <span class=\"relative -mx-px my-[-0.2rem] rounded px-px py-[0.2rem] transition-colors duration-100 ease-in-out\">Incluye un term\u00f3metro para monitorear la temperatura del aire en la botella.<\/span><\/p>\n<\/li>\n<\/ul>\n<p><span class=\"relative -mx-px my-[-0.2rem] rounded px-px py-[0.2rem] transition-colors duration-100 ease-in-out\">Este man\u00f3metro es ideal para buceadores que buscan un instrumento confiable y f\u00e1cil de usar, especialmente en inmersiones t\u00e9cnicas o con mezclas enriquecidas.<\/span> <span class=\"relative -mx-px my-[-0.2rem] rounded px-px py-[0.2rem] transition-colors duration-100 ease-in-out\">Su dise\u00f1o modular permite combinarlo con otros instrumentos de la l\u00ednea SWIV de Oceanic.<\/span><\/p>\n","protected":false},"excerpt":{"rendered":"<p><span class=\"relative -mx-px my-[-0.2rem] rounded px-px py-[0.2rem] transition-colors duration-100 ease-in-out\">El <strong data-start=\"3\" data-end=\"40\">Oceanic SPG Swivel Module con Tab<\/strong> es un man\u00f3metro subacu\u00e1tico modular dise\u00f1ado para ofrecer precisi\u00f3n y durabilidad a los buceadores.<\/span><\/p>\n","protected":false},"featured_media":26970,"comment_status":"open","ping_status":"closed","template":"","meta":{"iawp_total_views":1,"_joinchat":[]},"product_brand":[],"product_cat":[111],"product_tag":[126],"class_list":{"0":"post-20513","1":"product","2":"type-product","3":"status-publish","4":"has-post-thumbnail","6":"product_cat-tienda-online","7":"product_tag-oceanic-es","9":"first","10":"instock","11":"taxable","12":"shipping-taxable","13":"purchasable","14":"product-type-simple"},"booking_location":null,"booking_location_type":null,"booking_duration":null,"booking_duration_unit":null,"booking_buffer":null,"booking_cost":null,"booking_resources":null,"_links":{"self":[{"href":"https:\/\/scubapanama.com\/es\/wp-json\/wp\/v2\/product\/20513","targetHints":{"allow":["GET"]}}],"collection":[{"href":"https:\/\/scubapanama.com\/es\/wp-json\/wp\/v2\/product"}],"about":[{"href":"https:\/\/scubapanama.com\/es\/wp-json\/wp\/v2\/types\/product"}],"replies":[{"embeddable":true,"href":"https:\/\/scubapanama.com\/es\/wp-json\/wp\/v2\/comments?post=20513"}],"version-history":[{"count":2,"href":"https:\/\/scubapanama.com\/es\/wp-json\/wp\/v2\/product\/20513\/revisions"}],"predecessor-version":[{"id":26972,"href":"https:\/\/scubapanama.com\/es\/wp-json\/wp\/v2\/product\/20513\/revisions\/26972"}],"wp:featuredmedia":[{"embeddable":true,"href":"https:\/\/scubapanama.com\/es\/wp-json\/wp\/v2\/media\/26970"}],"wp:attachment":[{"href":"https:\/\/scubapanama.com\/es\/wp-json\/wp\/v2\/media?parent=20513"}],"wp:term":[{"taxonomy":"product_brand","embeddable":true,"href":"https:\/\/scubapanama.com\/es\/wp-json\/wp\/v2\/product_brand?post=20513"},{"taxonomy":"product_cat","embeddable":true,"href":"https:\/\/scubapanama.com\/es\/wp-json\/wp\/v2\/product_cat?post=20513"},{"taxonomy":"product_tag","embeddable":true,"href":"https:\/\/scubapanama.com\/es\/wp-json\/wp\/v2\/product_tag?post=20513"}],"curies":[{"name":"wp","href":"https:\/\/api.w.org\/{rel}","templated":true}]}}