{"id":20504,"date":"2025-01-23T01:50:46","date_gmt":"2025-01-23T06:50:46","guid":{"rendered":"https:\/\/scubapanama.com\/product\/ocea-05-5105-64-correa-ion-2-ibu-cl-neo\/"},"modified":"2025-05-13T13:50:02","modified_gmt":"2025-05-13T18:50:02","slug":"ocea-05-5105-64-correa-ion-2-ibu-cl-neo","status":"publish","type":"product","link":"https:\/\/scubapanama.com\/es\/product\/ocea-05-5105-64-correa-ion-2-ibu-cl-neo\/","title":{"rendered":"OCEANIC CORREA ION 2 IBU\/CL NEO (05.5105.64)"},"content":{"rendered":"<p><span class=\"style4\">Cambia tu perspectiva\u00a0.<\/span> Una familia de m\u00e1scaras de perfil bajo para profesionales, semiprofesionales y todos los amantes del deporte que desean ver el mundo submarino con mayor claridad. Admite lentes \u00f3pticas e incluye de serie nuestra correa de neopreno Confort.<\/p>\n<ul>\n<li>\n<p class=\"style4\">Las mismas caracter\u00edsticas de dise\u00f1o que el Ion con una v\u00e1lvula de purga de alto volumen<\/p>\n<\/li>\n<li>\n<p class=\"style4\">Dise\u00f1o de bajo volumen para un amplio campo de visi\u00f3n y f\u00e1cil limpieza.<\/p>\n<\/li>\n<li>\n<p class=\"style4\">Se puede adaptar f\u00e1cilmente con lentes \u00f3pticas de -1,5 a -8,0 dioptr\u00edas en incrementos de 0,5.<strong><br \/>\n<span class=\"red\">Ahora disponible en dioptr\u00edas positivas.<\/span><\/strong><\/p>\n<\/li>\n<li>\n<p class=\"style4\">100% silicona l\u00edquida para mayor comodidad y larga duraci\u00f3n.<\/p>\n<\/li>\n<li>\n<p class=\"style4\">Lente de vidrio templado para mayor seguridad.<\/p>\n<\/li>\n<li>\n<p class=\"style4\">Hebillas de f\u00e1cil ajuste para mayor comodidad.<\/p>\n<\/li>\n<li>\n<p class=\"style4\">Correa de confort de neopreno incluida<\/p>\n<\/li>\n<\/ul>\n","protected":false},"excerpt":{"rendered":"<p><span class=\"style4\">Cambia tu perspectiva\u00a0.<\/span>\u00a0Una familia de m\u00e1scaras de perfil bajo para profesionales, semiprofesionales y todos los amantes del deporte que desean ver el mundo submarino con mayor claridad.<\/p>\n","protected":false},"featured_media":26974,"comment_status":"open","ping_status":"closed","template":"","meta":{"iawp_total_views":0,"_joinchat":[]},"product_brand":[],"product_cat":[111],"product_tag":[126],"class_list":{"0":"post-20504","1":"product","2":"type-product","3":"status-publish","4":"has-post-thumbnail","6":"product_cat-tienda-online","7":"product_tag-oceanic-es","9":"first","10":"instock","11":"taxable","12":"shipping-taxable","13":"purchasable","14":"product-type-simple"},"booking_location":null,"booking_location_type":null,"booking_duration":null,"booking_duration_unit":null,"booking_buffer":null,"booking_cost":null,"booking_resources":null,"_links":{"self":[{"href":"https:\/\/scubapanama.com\/es\/wp-json\/wp\/v2\/product\/20504","targetHints":{"allow":["GET"]}}],"collection":[{"href":"https:\/\/scubapanama.com\/es\/wp-json\/wp\/v2\/product"}],"about":[{"href":"https:\/\/scubapanama.com\/es\/wp-json\/wp\/v2\/types\/product"}],"replies":[{"embeddable":true,"href":"https:\/\/scubapanama.com\/es\/wp-json\/wp\/v2\/comments?post=20504"}],"version-history":[{"count":3,"href":"https:\/\/scubapanama.com\/es\/wp-json\/wp\/v2\/product\/20504\/revisions"}],"predecessor-version":[{"id":26978,"href":"https:\/\/scubapanama.com\/es\/wp-json\/wp\/v2\/product\/20504\/revisions\/26978"}],"wp:featuredmedia":[{"embeddable":true,"href":"https:\/\/scubapanama.com\/es\/wp-json\/wp\/v2\/media\/26974"}],"wp:attachment":[{"href":"https:\/\/scubapanama.com\/es\/wp-json\/wp\/v2\/media?parent=20504"}],"wp:term":[{"taxonomy":"product_brand","embeddable":true,"href":"https:\/\/scubapanama.com\/es\/wp-json\/wp\/v2\/product_brand?post=20504"},{"taxonomy":"product_cat","embeddable":true,"href":"https:\/\/scubapanama.com\/es\/wp-json\/wp\/v2\/product_cat?post=20504"},{"taxonomy":"product_tag","embeddable":true,"href":"https:\/\/scubapanama.com\/es\/wp-json\/wp\/v2\/product_tag?post=20504"}],"curies":[{"name":"wp","href":"https:\/\/api.w.org\/{rel}","templated":true}]}}