{"id":20501,"date":"2025-01-23T01:50:47","date_gmt":"2025-01-23T06:50:47","guid":{"rendered":"https:\/\/scubapanama.com\/product\/ocea-15-1510-57-bota-neo-clasic-xxl-12-13-negro\/"},"modified":"2025-05-13T11:57:00","modified_gmt":"2025-05-13T16:57:00","slug":"ocea-15-1510-57-bota-neo-clasic-xxl-12-13-negro","status":"publish","type":"product","link":"https:\/\/scubapanama.com\/es\/product\/ocea-15-1510-57-bota-neo-clasic-xxl-12-13-negro\/","title":{"rendered":"OCEANIC BOTA NEO CLASIC XXL-12\/13 NEGRO (15.1510.57)"},"content":{"rendered":"<p><span>La bota Neo Classic cuenta con una suela moldeada de alta resistencia, dise\u00f1ada para soportar los rigores del buceo en costas rocosas y proporcionar una estabilidad inigualable en playas de arena y cubiertas de barcos.<\/span><\/p>\n<p><span>&#8211; Suela moldeada pr\u00e1cticamente impenetrable con dibujo antideslizante, excelente soporte de arco y burbuja de aire en el tal\u00f3n que reduce la tensi\u00f3n. &#8211;<\/span><\/p>\n<p><span>Tirador y costura trasera reforzados que eliminan la tensi\u00f3n del neopreno al pon\u00e9rselo.<\/span><\/p>\n<p><span>&#8211; Construcci\u00f3n de neopreno de 5 mm con doble encolado y costura invisible para una mayor durabilidad y una reducci\u00f3n del flujo de agua.<\/span><\/p>\n<p><span>&#8211; La solapa de cremallera con Velcro\u00ae garantiza que la cremallera se mantenga cerrada de forma segura durante la inmersi\u00f3n.<\/span><\/p>\n","protected":false},"excerpt":{"rendered":"<p>La bota Neo Classic cuenta con una suela moldeada de alta resistencia, dise\u00f1ada para soportar los rigores del buceo en costas rocosas y proporcionar una estabilidad inigualable en playas de arena y cubiertas de barcos.<\/p>\n","protected":false},"featured_media":26947,"comment_status":"open","ping_status":"closed","template":"","meta":{"iawp_total_views":7,"_joinchat":[]},"product_brand":[],"product_cat":[111],"product_tag":[163,126],"class_list":{"0":"post-20501","1":"product","2":"type-product","3":"status-publish","4":"has-post-thumbnail","6":"product_cat-tienda-online","7":"product_tag-boot","8":"product_tag-oceanic-es","10":"first","11":"instock","12":"taxable","13":"shipping-taxable","14":"purchasable","15":"product-type-simple"},"booking_location":null,"booking_location_type":null,"booking_duration":null,"booking_duration_unit":null,"booking_buffer":null,"booking_cost":null,"booking_resources":null,"_links":{"self":[{"href":"https:\/\/scubapanama.com\/es\/wp-json\/wp\/v2\/product\/20501","targetHints":{"allow":["GET"]}}],"collection":[{"href":"https:\/\/scubapanama.com\/es\/wp-json\/wp\/v2\/product"}],"about":[{"href":"https:\/\/scubapanama.com\/es\/wp-json\/wp\/v2\/types\/product"}],"replies":[{"embeddable":true,"href":"https:\/\/scubapanama.com\/es\/wp-json\/wp\/v2\/comments?post=20501"}],"version-history":[{"count":4,"href":"https:\/\/scubapanama.com\/es\/wp-json\/wp\/v2\/product\/20501\/revisions"}],"predecessor-version":[{"id":26949,"href":"https:\/\/scubapanama.com\/es\/wp-json\/wp\/v2\/product\/20501\/revisions\/26949"}],"wp:featuredmedia":[{"embeddable":true,"href":"https:\/\/scubapanama.com\/es\/wp-json\/wp\/v2\/media\/26947"}],"wp:attachment":[{"href":"https:\/\/scubapanama.com\/es\/wp-json\/wp\/v2\/media?parent=20501"}],"wp:term":[{"taxonomy":"product_brand","embeddable":true,"href":"https:\/\/scubapanama.com\/es\/wp-json\/wp\/v2\/product_brand?post=20501"},{"taxonomy":"product_cat","embeddable":true,"href":"https:\/\/scubapanama.com\/es\/wp-json\/wp\/v2\/product_cat?post=20501"},{"taxonomy":"product_tag","embeddable":true,"href":"https:\/\/scubapanama.com\/es\/wp-json\/wp\/v2\/product_tag?post=20501"}],"curies":[{"name":"wp","href":"https:\/\/api.w.org\/{rel}","templated":true}]}}