{"id":20500,"date":"2025-01-23T01:50:46","date_gmt":"2025-01-23T06:50:46","guid":{"rendered":"https:\/\/scubapanama.com\/product\/ocea-05-5125-64-ion-4-ibu-cl\/"},"modified":"2025-05-21T10:45:14","modified_gmt":"2025-05-21T15:45:14","slug":"ocea-05-5125-64-ion-4-ibu-cl","status":"publish","type":"product","link":"https:\/\/scubapanama.com\/es\/product\/ocea-05-5125-64-ion-4-ibu-cl\/","title":{"rendered":"OCEANIC ION 4 IBU\/CL (05.5125.64)"},"content":{"rendered":"<p><strong>M\u00e1scara de buceo Oceanic ION 4.<\/strong><br \/>\nUna elegante m\u00e1scara de buceo de volumen reducido que ofrece la ventaja de las ventanas laterales para una mejor visi\u00f3n perif\u00e9rica.<\/p>\n","protected":false},"excerpt":{"rendered":"<p><strong>M\u00e1scara de buceo Oceanic ION 4.<\/strong><br \/>\nUna elegante m\u00e1scara de buceo de volumen reducido que ofrece la ventaja de las ventanas laterales para una mejor visi\u00f3n perif\u00e9rica.<\/p>\n<p>Caracter\u00edsticas de la\u00a0<strong>m\u00e1scara\u00a0<\/strong><strong>Oceanic ION 4<\/strong>\u00a0:<\/p>\n<ul>\n<li>El mismo ajuste y estilo excelentes que el Ion con ventanas laterales para una mayor visi\u00f3n perif\u00e9rica<\/li>\n<li>Marco ligero y resistente<\/li>\n<li>Dise\u00f1o de bajo volumen para un amplio campo de visi\u00f3n y f\u00e1cil limpieza.<\/li>\n<li>Se puede adaptar f\u00e1cilmente con lentes \u00f3pticas de -1,5 a -8,0 dioptr\u00edas en incrementos de 0,5.<\/li>\n<li>100% silicona l\u00edquida para mayor comodidad y larga duraci\u00f3n.<\/li>\n<li>Lente de vidrio templado para mayor seguridad.<\/li>\n<li>Hebillas de f\u00e1cil ajuste para mayor comodidad.<\/li>\n<li>Correa de confort de neopreno incluida<\/li>\n<\/ul>\n","protected":false},"featured_media":26980,"comment_status":"open","ping_status":"closed","template":"","meta":{"iawp_total_views":0,"_joinchat":[]},"product_brand":[],"product_cat":[111],"product_tag":[126],"class_list":{"0":"post-20500","1":"product","2":"type-product","3":"status-publish","4":"has-post-thumbnail","6":"product_cat-tienda-online","7":"product_tag-oceanic-es","9":"first","10":"instock","11":"taxable","12":"shipping-taxable","13":"purchasable","14":"product-type-simple"},"booking_location":null,"booking_location_type":null,"booking_duration":null,"booking_duration_unit":null,"booking_buffer":null,"booking_cost":null,"booking_resources":null,"_links":{"self":[{"href":"https:\/\/scubapanama.com\/es\/wp-json\/wp\/v2\/product\/20500","targetHints":{"allow":["GET"]}}],"collection":[{"href":"https:\/\/scubapanama.com\/es\/wp-json\/wp\/v2\/product"}],"about":[{"href":"https:\/\/scubapanama.com\/es\/wp-json\/wp\/v2\/types\/product"}],"replies":[{"embeddable":true,"href":"https:\/\/scubapanama.com\/es\/wp-json\/wp\/v2\/comments?post=20500"}],"version-history":[{"count":3,"href":"https:\/\/scubapanama.com\/es\/wp-json\/wp\/v2\/product\/20500\/revisions"}],"predecessor-version":[{"id":29966,"href":"https:\/\/scubapanama.com\/es\/wp-json\/wp\/v2\/product\/20500\/revisions\/29966"}],"wp:featuredmedia":[{"embeddable":true,"href":"https:\/\/scubapanama.com\/es\/wp-json\/wp\/v2\/media\/26980"}],"wp:attachment":[{"href":"https:\/\/scubapanama.com\/es\/wp-json\/wp\/v2\/media?parent=20500"}],"wp:term":[{"taxonomy":"product_brand","embeddable":true,"href":"https:\/\/scubapanama.com\/es\/wp-json\/wp\/v2\/product_brand?post=20500"},{"taxonomy":"product_cat","embeddable":true,"href":"https:\/\/scubapanama.com\/es\/wp-json\/wp\/v2\/product_cat?post=20500"},{"taxonomy":"product_tag","embeddable":true,"href":"https:\/\/scubapanama.com\/es\/wp-json\/wp\/v2\/product_tag?post=20500"}],"curies":[{"name":"wp","href":"https:\/\/api.w.org\/{rel}","templated":true}]}}