{"id":20499,"date":"2025-01-23T01:50:47","date_gmt":"2025-01-23T06:50:47","guid":{"rendered":"https:\/\/scubapanama.com\/product\/ocea-40-3770-07-regulador-alfa-10\/"},"modified":"2025-05-13T11:49:48","modified_gmt":"2025-05-13T16:49:48","slug":"ocea-40-3770-07-regulador-alfa-10","status":"publish","type":"product","link":"https:\/\/scubapanama.com\/es\/product\/ocea-40-3770-07-regulador-alfa-10\/","title":{"rendered":"OCEANIC REGULADOR ALFA 10+ (40.3770.07)"},"content":{"rendered":"<p><strong><span>DISE\u00d1O CONFIABLE<\/span><\/strong><span>\u00a0El Alpha 10 incorpora un sistema avanzado de suministro de aire en un dise\u00f1o robusto y compacto. Su segunda etapa, con balance neum\u00e1tico, reduce dr\u00e1sticamente la resistencia, lo que resulta en una respiraci\u00f3n sin esfuerzo. Un regulador de gran valor que no compromete su capacidad.<\/span><\/p>\n","protected":false},"excerpt":{"rendered":"<p>DISE\u00d1O CONFIABLE El Alpha 10 incorpora un sistema avanzado de suministro de aire en un dise\u00f1o robusto y compacto.<\/p>\n","protected":false},"featured_media":26938,"comment_status":"open","ping_status":"closed","template":"","meta":{"iawp_total_views":3,"_joinchat":[]},"product_brand":[],"product_cat":[111],"product_tag":[126],"class_list":{"0":"post-20499","1":"product","2":"type-product","3":"status-publish","4":"has-post-thumbnail","6":"product_cat-tienda-online","7":"product_tag-oceanic-es","9":"first","10":"instock","11":"taxable","12":"shipping-taxable","13":"purchasable","14":"product-type-simple"},"booking_location":null,"booking_location_type":null,"booking_duration":null,"booking_duration_unit":null,"booking_buffer":null,"booking_cost":null,"booking_resources":null,"_links":{"self":[{"href":"https:\/\/scubapanama.com\/es\/wp-json\/wp\/v2\/product\/20499","targetHints":{"allow":["GET"]}}],"collection":[{"href":"https:\/\/scubapanama.com\/es\/wp-json\/wp\/v2\/product"}],"about":[{"href":"https:\/\/scubapanama.com\/es\/wp-json\/wp\/v2\/types\/product"}],"replies":[{"embeddable":true,"href":"https:\/\/scubapanama.com\/es\/wp-json\/wp\/v2\/comments?post=20499"}],"version-history":[{"count":3,"href":"https:\/\/scubapanama.com\/es\/wp-json\/wp\/v2\/product\/20499\/revisions"}],"predecessor-version":[{"id":26940,"href":"https:\/\/scubapanama.com\/es\/wp-json\/wp\/v2\/product\/20499\/revisions\/26940"}],"wp:featuredmedia":[{"embeddable":true,"href":"https:\/\/scubapanama.com\/es\/wp-json\/wp\/v2\/media\/26938"}],"wp:attachment":[{"href":"https:\/\/scubapanama.com\/es\/wp-json\/wp\/v2\/media?parent=20499"}],"wp:term":[{"taxonomy":"product_brand","embeddable":true,"href":"https:\/\/scubapanama.com\/es\/wp-json\/wp\/v2\/product_brand?post=20499"},{"taxonomy":"product_cat","embeddable":true,"href":"https:\/\/scubapanama.com\/es\/wp-json\/wp\/v2\/product_cat?post=20499"},{"taxonomy":"product_tag","embeddable":true,"href":"https:\/\/scubapanama.com\/es\/wp-json\/wp\/v2\/product_tag?post=20499"}],"curies":[{"name":"wp","href":"https:\/\/api.w.org\/{rel}","templated":true}]}}