{"id":20492,"date":"2025-01-23T01:49:39","date_gmt":"2025-01-23T06:49:39","guid":{"rendered":"https:\/\/scubapanama.com\/product\/04-3710-67-ordenador-combo-oceanic-veo-2-0\/"},"modified":"2025-05-21T10:53:10","modified_gmt":"2025-05-21T15:53:10","slug":"04-3710-67-ordenador-combo-oceanic-veo-2-0","status":"publish","type":"product","link":"https:\/\/scubapanama.com\/es\/product\/04-3710-67-ordenador-combo-oceanic-veo-2-0\/","title":{"rendered":"OCEANIC ORDENADOR COMBO VEO 2.0 (04.3710.67)"},"content":{"rendered":"<p>La tecnolog\u00eda nunca ha sido tan f\u00e1cil. Rebosante de todas las caracter\u00edsticas tecnol\u00f3gicas y de rendimiento que buscan los buceadores serios y la facilidad de uso de la marca registrada de Oceanic, el Veo 2.0 no solo podr\u00eda ser su primer PDC, sino el \u00faltimo que necesitar\u00e1. Desarrollado por algoritmo dual.<\/p>\n","protected":false},"excerpt":{"rendered":"<p>La tecnolog\u00eda nunca ha sido tan f\u00e1cil. Rebosante de todas las caracter\u00edsticas tecnol\u00f3gicas y de rendimiento que buscan los buceadores serios y la facilidad de uso de la marca registrada de Oceanic, el Veo 2.0 no solo podr\u00eda ser su primer PDC, sino el \u00faltimo que necesitar\u00e1.<\/p>\n","protected":false},"featured_media":23425,"comment_status":"open","ping_status":"closed","template":"","meta":{"iawp_total_views":5,"_joinchat":[]},"product_brand":[],"product_cat":[111],"product_tag":[126],"class_list":{"0":"post-20492","1":"product","2":"type-product","3":"status-publish","4":"has-post-thumbnail","6":"product_cat-tienda-online","7":"product_tag-oceanic-es","9":"first","10":"instock","11":"taxable","12":"shipping-taxable","13":"purchasable","14":"product-type-simple"},"booking_location":null,"booking_location_type":null,"booking_duration":null,"booking_duration_unit":null,"booking_buffer":null,"booking_cost":null,"booking_resources":null,"_links":{"self":[{"href":"https:\/\/scubapanama.com\/es\/wp-json\/wp\/v2\/product\/20492","targetHints":{"allow":["GET"]}}],"collection":[{"href":"https:\/\/scubapanama.com\/es\/wp-json\/wp\/v2\/product"}],"about":[{"href":"https:\/\/scubapanama.com\/es\/wp-json\/wp\/v2\/types\/product"}],"replies":[{"embeddable":true,"href":"https:\/\/scubapanama.com\/es\/wp-json\/wp\/v2\/comments?post=20492"}],"version-history":[{"count":3,"href":"https:\/\/scubapanama.com\/es\/wp-json\/wp\/v2\/product\/20492\/revisions"}],"predecessor-version":[{"id":29989,"href":"https:\/\/scubapanama.com\/es\/wp-json\/wp\/v2\/product\/20492\/revisions\/29989"}],"wp:featuredmedia":[{"embeddable":true,"href":"https:\/\/scubapanama.com\/es\/wp-json\/wp\/v2\/media\/23425"}],"wp:attachment":[{"href":"https:\/\/scubapanama.com\/es\/wp-json\/wp\/v2\/media?parent=20492"}],"wp:term":[{"taxonomy":"product_brand","embeddable":true,"href":"https:\/\/scubapanama.com\/es\/wp-json\/wp\/v2\/product_brand?post=20492"},{"taxonomy":"product_cat","embeddable":true,"href":"https:\/\/scubapanama.com\/es\/wp-json\/wp\/v2\/product_cat?post=20492"},{"taxonomy":"product_tag","embeddable":true,"href":"https:\/\/scubapanama.com\/es\/wp-json\/wp\/v2\/product_tag?post=20492"}],"curies":[{"name":"wp","href":"https:\/\/api.w.org\/{rel}","templated":true}]}}