{"id":20489,"date":"2025-01-23T01:49:39","date_gmt":"2025-01-23T06:49:39","guid":{"rendered":"https:\/\/scubapanama.com\/product\/05-5126-18-mascara-oceanica-ion-4-mascara-ny-bu-cl\/"},"modified":"2025-05-21T10:46:41","modified_gmt":"2025-05-21T15:46:41","slug":"05-5126-18-mascara-oceanica-ion-4-mascara-ny-bu-cl","status":"publish","type":"product","link":"https:\/\/scubapanama.com\/es\/product\/05-5126-18-mascara-oceanica-ion-4-mascara-ny-bu-cl\/","title":{"rendered":"OCE\u00c1NIC M\u00c1SCARA ION 4 M\u00c1SCARA NY\/BU\/CL (05.5126.18)"},"content":{"rendered":"<p><span class=\"style4\">Cambia tu perspectiva.<\/span> Una familia de m\u00e1scaras de perfil bajo para profesionales, semiprofesionales y todos los amantes del deporte que desean ver el mundo submarino con mayor claridad. Admite lentes \u00f3pticas e incluye de serie nuestra correa de neopreno Confort.<\/p>\n","protected":false},"excerpt":{"rendered":"<p><span class=\"style4\">Cambia tu perspectiva.<\/span> Una familia de m\u00e1scaras de perfil bajo para profesionales, semiprofesionales y todos los amantes del deporte que desean ver el mundo submarino con mayor claridad.<\/p>\n","protected":false},"featured_media":23436,"comment_status":"open","ping_status":"closed","template":"","meta":{"iawp_total_views":0,"_joinchat":[]},"product_brand":[],"product_cat":[111],"product_tag":[126],"class_list":{"0":"post-20489","1":"product","2":"type-product","3":"status-publish","4":"has-post-thumbnail","6":"product_cat-tienda-online","7":"product_tag-oceanic-es","9":"first","10":"instock","11":"taxable","12":"shipping-taxable","13":"purchasable","14":"product-type-simple"},"booking_location":null,"booking_location_type":null,"booking_duration":null,"booking_duration_unit":null,"booking_buffer":null,"booking_cost":null,"booking_resources":null,"_links":{"self":[{"href":"https:\/\/scubapanama.com\/es\/wp-json\/wp\/v2\/product\/20489","targetHints":{"allow":["GET"]}}],"collection":[{"href":"https:\/\/scubapanama.com\/es\/wp-json\/wp\/v2\/product"}],"about":[{"href":"https:\/\/scubapanama.com\/es\/wp-json\/wp\/v2\/types\/product"}],"replies":[{"embeddable":true,"href":"https:\/\/scubapanama.com\/es\/wp-json\/wp\/v2\/comments?post=20489"}],"version-history":[{"count":3,"href":"https:\/\/scubapanama.com\/es\/wp-json\/wp\/v2\/product\/20489\/revisions"}],"predecessor-version":[{"id":23619,"href":"https:\/\/scubapanama.com\/es\/wp-json\/wp\/v2\/product\/20489\/revisions\/23619"}],"wp:featuredmedia":[{"embeddable":true,"href":"https:\/\/scubapanama.com\/es\/wp-json\/wp\/v2\/media\/23436"}],"wp:attachment":[{"href":"https:\/\/scubapanama.com\/es\/wp-json\/wp\/v2\/media?parent=20489"}],"wp:term":[{"taxonomy":"product_brand","embeddable":true,"href":"https:\/\/scubapanama.com\/es\/wp-json\/wp\/v2\/product_brand?post=20489"},{"taxonomy":"product_cat","embeddable":true,"href":"https:\/\/scubapanama.com\/es\/wp-json\/wp\/v2\/product_cat?post=20489"},{"taxonomy":"product_tag","embeddable":true,"href":"https:\/\/scubapanama.com\/es\/wp-json\/wp\/v2\/product_tag?post=20489"}],"curies":[{"name":"wp","href":"https:\/\/api.w.org\/{rel}","templated":true}]}}