{"id":20488,"date":"2025-01-23T01:49:39","date_gmt":"2025-01-23T06:49:39","guid":{"rendered":"https:\/\/scubapanama.com\/product\/04-8792-07-ordenador-oci-oceanic-c-usb-negro\/"},"modified":"2025-05-21T10:52:03","modified_gmt":"2025-05-21T15:52:03","slug":"04-8792-07-ordenador-oci-oceanic-c-usb-negro","status":"publish","type":"product","link":"https:\/\/scubapanama.com\/es\/product\/04-8792-07-ordenador-oci-oceanic-c-usb-negro\/","title":{"rendered":"OCEANIC ORDENADOR OCI C\/USB NEGRO (04.8792.07)"},"content":{"rendered":"<p>Presentamos el OCi. Para el buzo que lo quiere todo. Lo decimos literalmente. El OCi representa el siguiente paso adelante en las computadoras de buceo integradas con aire inal\u00e1mbrico recreativo de Oceanic. Hemos combinado la tecnolog\u00eda de nuestro avanzado OC1, el estilo de nuestro OCS m\u00e1s vendido; y algunas caracter\u00edsticas nuevas en un ordenador de buceo incre\u00edblemente capaz. El OCi no solo funciona con nuestro innovador algoritmo; tecnolog\u00eda dual; sino que puede manejar hasta 4 gases, calcular nitr\u00f3geno durante una inmersi\u00f3n en apnea (en el nuevo modo libre de tecnolog\u00eda), te permite seleccionar entre sal o agua dulce e incluso ajusta autom\u00e1ticamente tu altitud. Las alarmas personalizables y la br\u00fajula digital son solo la guinda del pastel. Y no olvidemos que funciona muy bien como un reloj tambi\u00e9n. Caracter\u00edstica por caracter\u00edstica el OCi no tiene competencia. &#8211; Transmisor inal\u00e1mbrico no incluido.<\/p>\n","protected":false},"excerpt":{"rendered":"<p>Presentamos el OCi. Para el buzo que lo quiere todo. Lo decimos literalmente.<\/p>\n","protected":false},"featured_media":23429,"comment_status":"open","ping_status":"closed","template":"","meta":{"iawp_total_views":35,"_joinchat":[]},"product_brand":[],"product_cat":[111],"product_tag":[126],"class_list":{"0":"post-20488","1":"product","2":"type-product","3":"status-publish","4":"has-post-thumbnail","6":"product_cat-tienda-online","7":"product_tag-oceanic-es","9":"first","10":"instock","11":"taxable","12":"shipping-taxable","13":"purchasable","14":"product-type-simple"},"booking_location":null,"booking_location_type":null,"booking_duration":null,"booking_duration_unit":null,"booking_buffer":null,"booking_cost":null,"booking_resources":null,"_links":{"self":[{"href":"https:\/\/scubapanama.com\/es\/wp-json\/wp\/v2\/product\/20488","targetHints":{"allow":["GET"]}}],"collection":[{"href":"https:\/\/scubapanama.com\/es\/wp-json\/wp\/v2\/product"}],"about":[{"href":"https:\/\/scubapanama.com\/es\/wp-json\/wp\/v2\/types\/product"}],"replies":[{"embeddable":true,"href":"https:\/\/scubapanama.com\/es\/wp-json\/wp\/v2\/comments?post=20488"}],"version-history":[{"count":3,"href":"https:\/\/scubapanama.com\/es\/wp-json\/wp\/v2\/product\/20488\/revisions"}],"predecessor-version":[{"id":29985,"href":"https:\/\/scubapanama.com\/es\/wp-json\/wp\/v2\/product\/20488\/revisions\/29985"}],"wp:featuredmedia":[{"embeddable":true,"href":"https:\/\/scubapanama.com\/es\/wp-json\/wp\/v2\/media\/23429"}],"wp:attachment":[{"href":"https:\/\/scubapanama.com\/es\/wp-json\/wp\/v2\/media?parent=20488"}],"wp:term":[{"taxonomy":"product_brand","embeddable":true,"href":"https:\/\/scubapanama.com\/es\/wp-json\/wp\/v2\/product_brand?post=20488"},{"taxonomy":"product_cat","embeddable":true,"href":"https:\/\/scubapanama.com\/es\/wp-json\/wp\/v2\/product_cat?post=20488"},{"taxonomy":"product_tag","embeddable":true,"href":"https:\/\/scubapanama.com\/es\/wp-json\/wp\/v2\/product_tag?post=20488"}],"curies":[{"name":"wp","href":"https:\/\/api.w.org\/{rel}","templated":true}]}}