{"id":20461,"date":"2025-01-23T01:50:47","date_gmt":"2025-01-23T06:50:47","guid":{"rendered":"https:\/\/scubapanama.com\/product\/oceanic-05-4000-89-mascara-sombra-mar-azul-neo-correa\/"},"modified":"2025-04-25T11:05:49","modified_gmt":"2025-04-25T16:05:49","slug":"oceanic-05-4000-89-mascara-sombra-mar-azul-neo-correa","status":"publish","type":"product","link":"https:\/\/scubapanama.com\/es\/product\/oceanic-05-4000-89-mascara-sombra-mar-azul-neo-correa\/","title":{"rendered":"OCEANIC MASCARA SOMBRA MAR AZUL NEO CORREA (05.4000.89)"},"content":{"rendered":"<p><strong><span>M\u00e1scara que te mantiene concentrado.<\/span><\/strong><span>\u00a0La M\u00e1scara Shadow cuenta con un elegante fald\u00f3n de silicona l\u00edquida 100 % que se fija directamente a la lente de vidrio templado. Al no tener marco, la M\u00e1scara Shadow ofrece un campo de visi\u00f3n incre\u00edble y se pliega completamente.<\/span><\/p>\n","protected":false},"excerpt":{"rendered":"<p><strong><span>M\u00e1scara que te mantiene concentrado.<\/span><\/strong><span>\u00a0La M\u00e1scara Shadow cuenta con un elegante fald\u00f3n de silicona l\u00edquida 100 % que se fija directamente a la lente de vidrio templado. Al no tener marco, la M\u00e1scara Shadow ofrece un campo de visi\u00f3n incre\u00edble y se pliega completamente.<\/span><\/p>\n","protected":false},"featured_media":23348,"comment_status":"open","ping_status":"closed","template":"","meta":{"iawp_total_views":2,"_joinchat":[]},"product_brand":[],"product_cat":[111],"product_tag":[126],"class_list":{"0":"post-20461","1":"product","2":"type-product","3":"status-publish","4":"has-post-thumbnail","6":"product_cat-tienda-online","7":"product_tag-oceanic-es","9":"first","10":"outofstock","11":"taxable","12":"shipping-taxable","13":"purchasable","14":"product-type-simple"},"booking_location":null,"booking_location_type":null,"booking_duration":null,"booking_duration_unit":null,"booking_buffer":null,"booking_cost":null,"booking_resources":null,"_links":{"self":[{"href":"https:\/\/scubapanama.com\/es\/wp-json\/wp\/v2\/product\/20461","targetHints":{"allow":["GET"]}}],"collection":[{"href":"https:\/\/scubapanama.com\/es\/wp-json\/wp\/v2\/product"}],"about":[{"href":"https:\/\/scubapanama.com\/es\/wp-json\/wp\/v2\/types\/product"}],"replies":[{"embeddable":true,"href":"https:\/\/scubapanama.com\/es\/wp-json\/wp\/v2\/comments?post=20461"}],"version-history":[{"count":2,"href":"https:\/\/scubapanama.com\/es\/wp-json\/wp\/v2\/product\/20461\/revisions"}],"predecessor-version":[{"id":23537,"href":"https:\/\/scubapanama.com\/es\/wp-json\/wp\/v2\/product\/20461\/revisions\/23537"}],"wp:featuredmedia":[{"embeddable":true,"href":"https:\/\/scubapanama.com\/es\/wp-json\/wp\/v2\/media\/23348"}],"wp:attachment":[{"href":"https:\/\/scubapanama.com\/es\/wp-json\/wp\/v2\/media?parent=20461"}],"wp:term":[{"taxonomy":"product_brand","embeddable":true,"href":"https:\/\/scubapanama.com\/es\/wp-json\/wp\/v2\/product_brand?post=20461"},{"taxonomy":"product_cat","embeddable":true,"href":"https:\/\/scubapanama.com\/es\/wp-json\/wp\/v2\/product_cat?post=20461"},{"taxonomy":"product_tag","embeddable":true,"href":"https:\/\/scubapanama.com\/es\/wp-json\/wp\/v2\/product_tag?post=20461"}],"curies":[{"name":"wp","href":"https:\/\/api.w.org\/{rel}","templated":true}]}}