{"id":20459,"date":"2025-01-23T01:50:47","date_gmt":"2025-01-23T06:50:47","guid":{"rendered":"https:\/\/scubapanama.com\/product\/oceanic-05-5310-78-mascara-duo-sl-rosa\/"},"modified":"2025-04-25T11:05:19","modified_gmt":"2025-04-25T16:05:19","slug":"oceanic-05-5310-78-mascara-duo-sl-rosa","status":"publish","type":"product","link":"https:\/\/scubapanama.com\/es\/product\/oceanic-05-5310-78-mascara-duo-sl-rosa\/","title":{"rendered":"OCEANIC M\u00c1SCARA DUO CL\/ROSA (05.5310.78)"},"content":{"rendered":"<p>S\u00f3lida y resistente pero amigable en la cuenta bancaria: el Duo es una m\u00e1scara resistente de nivel b\u00e1sico para principiantes que anhelan el m\u00e1ximo rendimiento a un precio razonable. Una falda de silicona 100% y un borde de doble pluma garantizan un sellado c\u00f3modo y seco y el vidrio de seguridad templado proporcionan un amplio campo de visi\u00f3n. Las hebillas giratorias de la correa facilitan el ajuste. Su dise\u00f1o de lente de vidrio de seguridad templado dual en forma de l\u00e1grima invertida y bolsillo de nariz f\u00e1cil de alcanzar permite una f\u00e1cil ecualizaci\u00f3n de las orejas y coloca las lentes m\u00e1s cerca de tus ojos aumenta tu claridad visual y campo de visi\u00f3n. El dise\u00f1o de perfil bajo significa que experimentar\u00e1s menos resistencia y mayor comodidad en profundidad. Encontrar un ajuste perfecto es f\u00e1cil, el Discovery con su borde doble emplumado y falda de silicona crear\u00e1 el sello perfecto en casi todos los rasgos faciales. La amplia correa dividida funciona en conjunto con la falda de doble borde con plumas y mantiene el agua fuera durante horas de uso c\u00f3modo. La m\u00e1scara viene con una caja protectora para m\u00e1scara y est\u00e1 disponible en varios colores.<\/p>\n","protected":false},"excerpt":{"rendered":"<p>S\u00f3lida y resistente pero amigable en la cuenta bancaria: el Duo es una m\u00e1scara resistente de nivel b\u00e1sico para principiantes que anhelan el m\u00e1ximo rendimiento a un precio razonable.<\/p>\n","protected":false},"featured_media":23465,"comment_status":"open","ping_status":"closed","template":"","meta":{"iawp_total_views":0,"_joinchat":[]},"product_brand":[],"product_cat":[111],"product_tag":[126],"class_list":{"0":"post-20459","1":"product","2":"type-product","3":"status-publish","4":"has-post-thumbnail","6":"product_cat-tienda-online","7":"product_tag-oceanic-es","9":"first","10":"instock","11":"featured","12":"taxable","13":"shipping-taxable","14":"purchasable","15":"product-type-simple"},"booking_location":null,"booking_location_type":null,"booking_duration":null,"booking_duration_unit":null,"booking_buffer":null,"booking_cost":null,"booking_resources":null,"_links":{"self":[{"href":"https:\/\/scubapanama.com\/es\/wp-json\/wp\/v2\/product\/20459","targetHints":{"allow":["GET"]}}],"collection":[{"href":"https:\/\/scubapanama.com\/es\/wp-json\/wp\/v2\/product"}],"about":[{"href":"https:\/\/scubapanama.com\/es\/wp-json\/wp\/v2\/types\/product"}],"replies":[{"embeddable":true,"href":"https:\/\/scubapanama.com\/es\/wp-json\/wp\/v2\/comments?post=20459"}],"version-history":[{"count":2,"href":"https:\/\/scubapanama.com\/es\/wp-json\/wp\/v2\/product\/20459\/revisions"}],"predecessor-version":[{"id":23535,"href":"https:\/\/scubapanama.com\/es\/wp-json\/wp\/v2\/product\/20459\/revisions\/23535"}],"wp:featuredmedia":[{"embeddable":true,"href":"https:\/\/scubapanama.com\/es\/wp-json\/wp\/v2\/media\/23465"}],"wp:attachment":[{"href":"https:\/\/scubapanama.com\/es\/wp-json\/wp\/v2\/media?parent=20459"}],"wp:term":[{"taxonomy":"product_brand","embeddable":true,"href":"https:\/\/scubapanama.com\/es\/wp-json\/wp\/v2\/product_brand?post=20459"},{"taxonomy":"product_cat","embeddable":true,"href":"https:\/\/scubapanama.com\/es\/wp-json\/wp\/v2\/product_cat?post=20459"},{"taxonomy":"product_tag","embeddable":true,"href":"https:\/\/scubapanama.com\/es\/wp-json\/wp\/v2\/product_tag?post=20459"}],"curies":[{"name":"wp","href":"https:\/\/api.w.org\/{rel}","templated":true}]}}