{"id":20458,"date":"2025-01-23T01:50:47","date_gmt":"2025-01-23T06:50:47","guid":{"rendered":"https:\/\/scubapanama.com\/product\/oceanic-07-2207-29-snorkel-arido-ti-bk\/"},"modified":"2025-04-25T11:01:18","modified_gmt":"2025-04-25T16:01:18","slug":"oceanic-07-2207-29-snorkel-arido-ti-bk","status":"publish","type":"product","link":"https:\/\/scubapanama.com\/es\/product\/oceanic-07-2207-29-snorkel-arido-ti-bk\/","title":{"rendered":"OCEANIC SNORKEL \u00c1RIDO TI\/BK (07.2207.29)"},"content":{"rendered":"<p>Dise\u00f1ado para ser exactamente lo que su nombre sugiere, el snorkel Ultra Dry incorpora la tecnolog\u00eda Dry Snorkel de Oceanic en un producto de perfil ultra bajo que est\u00e1 dise\u00f1ado ergon\u00f3micamente para brindar comodidad y funcionalidad.<\/p>\n","protected":false},"excerpt":{"rendered":"<p>Dise\u00f1ado para ser exactamente lo que su nombre sugiere, el snorkel Ultra Dry incorpora la tecnolog\u00eda Dry Snorkel de Oceanic en un producto de perfil ultra bajo que est\u00e1 dise\u00f1ado ergon\u00f3micamente para brindar comodidad y funcionalidad.<\/p>\n","protected":false},"featured_media":23355,"comment_status":"open","ping_status":"closed","template":"","meta":{"iawp_total_views":1,"_joinchat":[]},"product_brand":[],"product_cat":[111],"product_tag":[126],"class_list":{"0":"post-20458","1":"product","2":"type-product","3":"status-publish","4":"has-post-thumbnail","6":"product_cat-tienda-online","7":"product_tag-oceanic-es","9":"first","10":"instock","11":"taxable","12":"shipping-taxable","13":"purchasable","14":"product-type-simple"},"booking_location":null,"booking_location_type":null,"booking_duration":null,"booking_duration_unit":null,"booking_buffer":null,"booking_cost":null,"booking_resources":null,"_links":{"self":[{"href":"https:\/\/scubapanama.com\/es\/wp-json\/wp\/v2\/product\/20458","targetHints":{"allow":["GET"]}}],"collection":[{"href":"https:\/\/scubapanama.com\/es\/wp-json\/wp\/v2\/product"}],"about":[{"href":"https:\/\/scubapanama.com\/es\/wp-json\/wp\/v2\/types\/product"}],"replies":[{"embeddable":true,"href":"https:\/\/scubapanama.com\/es\/wp-json\/wp\/v2\/comments?post=20458"}],"version-history":[{"count":2,"href":"https:\/\/scubapanama.com\/es\/wp-json\/wp\/v2\/product\/20458\/revisions"}],"predecessor-version":[{"id":23533,"href":"https:\/\/scubapanama.com\/es\/wp-json\/wp\/v2\/product\/20458\/revisions\/23533"}],"wp:featuredmedia":[{"embeddable":true,"href":"https:\/\/scubapanama.com\/es\/wp-json\/wp\/v2\/media\/23355"}],"wp:attachment":[{"href":"https:\/\/scubapanama.com\/es\/wp-json\/wp\/v2\/media?parent=20458"}],"wp:term":[{"taxonomy":"product_brand","embeddable":true,"href":"https:\/\/scubapanama.com\/es\/wp-json\/wp\/v2\/product_brand?post=20458"},{"taxonomy":"product_cat","embeddable":true,"href":"https:\/\/scubapanama.com\/es\/wp-json\/wp\/v2\/product_cat?post=20458"},{"taxonomy":"product_tag","embeddable":true,"href":"https:\/\/scubapanama.com\/es\/wp-json\/wp\/v2\/product_tag?post=20458"}],"curies":[{"name":"wp","href":"https:\/\/api.w.org\/{rel}","templated":true}]}}