{"id":20448,"date":"2025-01-23T01:50:48","date_gmt":"2025-01-23T06:50:48","guid":{"rendered":"https:\/\/scubapanama.com\/product\/bolsa-mochila-de-malla-oceanic-17-4775-07\/"},"modified":"2025-04-25T10:38:44","modified_gmt":"2025-04-25T15:38:44","slug":"bolsa-mochila-de-malla-oceanic-17-4775-07","status":"publish","type":"product","link":"https:\/\/scubapanama.com\/es\/product\/bolsa-mochila-de-malla-oceanic-17-4775-07\/","title":{"rendered":"BOLSA MOCHILA DE MALLA OCEANIC (17.4775.07)"},"content":{"rendered":"<p>Nuestra mochila de malla es perfecta para hacer snorkel o disfrutar de un d\u00eda en la playa. Otra fant\u00e1stica bolsa de la colecci\u00f3n Oceanic para transportar todo tu equipo a donde vayas.<\/p>\n","protected":false},"excerpt":{"rendered":"<p>Nuestra mochila de malla es perfecta para hacer snorkel o disfrutar de un d\u00eda en la playa.<\/p>\n","protected":false},"featured_media":23318,"comment_status":"open","ping_status":"closed","template":"","meta":{"iawp_total_views":8,"_joinchat":[]},"product_brand":[],"product_cat":[111],"product_tag":[126],"class_list":{"0":"post-20448","1":"product","2":"type-product","3":"status-publish","4":"has-post-thumbnail","6":"product_cat-tienda-online","7":"product_tag-oceanic-es","9":"first","10":"instock","11":"taxable","12":"shipping-taxable","13":"purchasable","14":"product-type-simple"},"booking_location":null,"booking_location_type":null,"booking_duration":null,"booking_duration_unit":null,"booking_buffer":null,"booking_cost":null,"booking_resources":null,"_links":{"self":[{"href":"https:\/\/scubapanama.com\/es\/wp-json\/wp\/v2\/product\/20448","targetHints":{"allow":["GET"]}}],"collection":[{"href":"https:\/\/scubapanama.com\/es\/wp-json\/wp\/v2\/product"}],"about":[{"href":"https:\/\/scubapanama.com\/es\/wp-json\/wp\/v2\/types\/product"}],"replies":[{"embeddable":true,"href":"https:\/\/scubapanama.com\/es\/wp-json\/wp\/v2\/comments?post=20448"}],"version-history":[{"count":2,"href":"https:\/\/scubapanama.com\/es\/wp-json\/wp\/v2\/product\/20448\/revisions"}],"predecessor-version":[{"id":23512,"href":"https:\/\/scubapanama.com\/es\/wp-json\/wp\/v2\/product\/20448\/revisions\/23512"}],"wp:featuredmedia":[{"embeddable":true,"href":"https:\/\/scubapanama.com\/es\/wp-json\/wp\/v2\/media\/23318"}],"wp:attachment":[{"href":"https:\/\/scubapanama.com\/es\/wp-json\/wp\/v2\/media?parent=20448"}],"wp:term":[{"taxonomy":"product_brand","embeddable":true,"href":"https:\/\/scubapanama.com\/es\/wp-json\/wp\/v2\/product_brand?post=20448"},{"taxonomy":"product_cat","embeddable":true,"href":"https:\/\/scubapanama.com\/es\/wp-json\/wp\/v2\/product_cat?post=20448"},{"taxonomy":"product_tag","embeddable":true,"href":"https:\/\/scubapanama.com\/es\/wp-json\/wp\/v2\/product_tag?post=20448"}],"curies":[{"name":"wp","href":"https:\/\/api.w.org\/{rel}","templated":true}]}}