{"id":20443,"date":"2025-01-23T01:50:48","date_gmt":"2025-01-23T06:50:48","guid":{"rendered":"https:\/\/scubapanama.com\/product\/oceanic-ss021645000-zoop-novo-negro\/"},"modified":"2025-04-25T10:37:02","modified_gmt":"2025-04-25T15:37:02","slug":"oceanic-ss021645000-zoop-novo-negro","status":"publish","type":"product","link":"https:\/\/scubapanama.com\/es\/product\/oceanic-ss021645000-zoop-novo-negro\/","title":{"rendered":"OCEANIC ZOOP NOVO NEGRO (SS021645000)"},"content":{"rendered":"<p>Ya est\u00e9s empezando tu viaje de buceo o buscando explorar nuevas aventuras bajo el agua, Suunto Zoop Novo tiene todo lo que necesitas. Con los principales datos de inmersi\u00f3n indicados con claridad y accesibles de un vistazo en la gran pantalla con luz de fondo especialmente intensa, lo \u00fanico que necesitas es ajustarte el traje, zambullirte y disfrutar de las vistas.<\/p>\n<p>Este ordenador de buceo es f\u00e1cil de utilizar e incluye funciones completas de descompresi\u00f3n, cinco modos de inmersi\u00f3n (aire, n\u00edtrox, profund\u00edmetro, apnea y desactivado) y la sencilla interfaz de usuario mediante men\u00fas de Suunto.<\/p>\n","protected":false},"excerpt":{"rendered":"<p>Ya est\u00e9s empezando tu viaje de buceo o buscando explorar nuevas aventuras bajo el agua, Suunto Zoop Novo tiene todo lo que necesitas.<\/p>\n","protected":false},"featured_media":23333,"comment_status":"open","ping_status":"closed","template":"","meta":{"iawp_total_views":22,"_joinchat":[]},"product_brand":[],"product_cat":[111],"product_tag":[126],"class_list":{"0":"post-20443","1":"product","2":"type-product","3":"status-publish","4":"has-post-thumbnail","6":"product_cat-tienda-online","7":"product_tag-oceanic-es","9":"first","10":"instock","11":"taxable","12":"shipping-taxable","13":"purchasable","14":"product-type-simple"},"booking_location":null,"booking_location_type":null,"booking_duration":null,"booking_duration_unit":null,"booking_buffer":null,"booking_cost":null,"booking_resources":null,"_links":{"self":[{"href":"https:\/\/scubapanama.com\/es\/wp-json\/wp\/v2\/product\/20443","targetHints":{"allow":["GET"]}}],"collection":[{"href":"https:\/\/scubapanama.com\/es\/wp-json\/wp\/v2\/product"}],"about":[{"href":"https:\/\/scubapanama.com\/es\/wp-json\/wp\/v2\/types\/product"}],"replies":[{"embeddable":true,"href":"https:\/\/scubapanama.com\/es\/wp-json\/wp\/v2\/comments?post=20443"}],"version-history":[{"count":2,"href":"https:\/\/scubapanama.com\/es\/wp-json\/wp\/v2\/product\/20443\/revisions"}],"predecessor-version":[{"id":23510,"href":"https:\/\/scubapanama.com\/es\/wp-json\/wp\/v2\/product\/20443\/revisions\/23510"}],"wp:featuredmedia":[{"embeddable":true,"href":"https:\/\/scubapanama.com\/es\/wp-json\/wp\/v2\/media\/23333"}],"wp:attachment":[{"href":"https:\/\/scubapanama.com\/es\/wp-json\/wp\/v2\/media?parent=20443"}],"wp:term":[{"taxonomy":"product_brand","embeddable":true,"href":"https:\/\/scubapanama.com\/es\/wp-json\/wp\/v2\/product_brand?post=20443"},{"taxonomy":"product_cat","embeddable":true,"href":"https:\/\/scubapanama.com\/es\/wp-json\/wp\/v2\/product_cat?post=20443"},{"taxonomy":"product_tag","embeddable":true,"href":"https:\/\/scubapanama.com\/es\/wp-json\/wp\/v2\/product_tag?post=20443"}],"curies":[{"name":"wp","href":"https:\/\/api.w.org\/{rel}","templated":true}]}}