{"id":20426,"date":"2025-01-23T01:50:50","date_gmt":"2025-01-23T06:50:50","guid":{"rendered":"https:\/\/scubapanama.com\/product\/pioneer-slkito6-dragon-marino-mini-900-lite\/"},"modified":"2025-05-20T08:47:59","modified_gmt":"2025-05-20T13:47:59","slug":"pioneer-slkito6-dragon-marino-mini-900-lite","status":"publish","type":"product","link":"https:\/\/scubapanama.com\/es\/product\/pioneer-slkito6-dragon-marino-mini-900-lite\/","title":{"rendered":"DRAGON MARINO MINI 900 LITE (SLKITO6)"},"content":{"rendered":"<table style=\"height: 361px;\" border=\"0\" width=\"801\" cellspacing=\"0\" cellpadding=\"0\">\n<tbody>\n<tr>\n<td>\n<div id=\"ProductDetail_ProductDetails_div\"><span id=\"product_description\"><b>Sea Dragon Mini 900:\u00a0<\/b><b>Alta intensidad, largo alcance y ultracompacta.<\/b>\u00a0Con 900 l\u00famenes, la compacta linterna de buceo Sea Dragon Mini 900 ofrece una gran luminosidad y un haz de luz puntual de largo alcance. Todas las funciones son f\u00e1cilmente accesibles con una sola mano para alternar entre cinco modos: m\u00e1xima potencia, media potencia, un cuarto de potencia; se\u00f1al de flash de un segundo y se\u00f1al de emergencia SOS, ambos a m\u00e1xima potencia.\u00a0<b>Potencia para toda tu aventura.<\/b>\u00a0La Sea Dragon Mini 900 es lo suficientemente compacta como para caber c\u00f3modamente en tu mano y tambi\u00e9n cuenta con una bater\u00eda de larga duraci\u00f3n, que funciona durante 8 horas con una bater\u00eda recargable 18650 de iones de litio de 3400 mAh (se vende por separado) a un cuarto de potencia o 2 horas a m\u00e1xima potencia. El compartimento de la bater\u00eda tambi\u00e9n cuenta con una v\u00e1lvula de seguridad integrada para liberar la presi\u00f3n. Con un \u00e1ngulo de haz de 14\u00b0 (10,5\u00b0 bajo el agua), la potente linterna de 900 l\u00famenes es perfecta para se\u00f1alar criaturas marinas a distancia, observar en zonas oscuras o grietas, llamar la atenci\u00f3n de tu compa\u00f1ero o guiarte en una inmersi\u00f3n nocturna.\u00a0<b>Cargador mini USB 18650 XTAR.<\/b>\u00a0El cargador mini XTAR carga bater\u00edas 18650 y se conecta a todos los cargadores de pared USB (incluye cargador, cable USB, funda y manual). Las bater\u00edas no est\u00e1n incluidas.\u00a0<b>Bater\u00eda XTAR 18650.<\/b>\u00a0Bater\u00eda recargable de iones de litio XTAR 18650 de 3,7 V y 2600 mAh (SL9827) para Sea Dragon Mini 650 Flood, Mini 650 Spot, Mini 900 y otras marcas.<\/span><\/div>\n<\/td>\n<\/tr>\n<\/tbody>\n<\/table>\n","protected":false},"excerpt":{"rendered":"<p><span id=\"product_description\"><b>Sea Dragon Mini 900:\u00a0<\/b><b>Alta intensidad, largo alcance y ultracompacta.<\/b>\u00a0Con 900 l\u00famenes, la compacta linterna de buceo Sea Dragon Mini 900 ofrece una gran luminosidad y un haz de luz puntual de largo alcance.<\/span><\/p>\n","protected":false},"featured_media":28717,"comment_status":"open","ping_status":"closed","template":"","meta":{"iawp_total_views":2,"_joinchat":[]},"product_brand":[],"product_cat":[111],"product_tag":[282],"class_list":{"0":"post-20426","1":"product","2":"type-product","3":"status-publish","4":"has-post-thumbnail","6":"product_cat-tienda-online","7":"product_tag-lite-es","9":"first","10":"instock","11":"taxable","12":"shipping-taxable","13":"purchasable","14":"product-type-simple"},"booking_location":null,"booking_location_type":null,"booking_duration":null,"booking_duration_unit":null,"booking_buffer":null,"booking_cost":null,"booking_resources":null,"_links":{"self":[{"href":"https:\/\/scubapanama.com\/es\/wp-json\/wp\/v2\/product\/20426","targetHints":{"allow":["GET"]}}],"collection":[{"href":"https:\/\/scubapanama.com\/es\/wp-json\/wp\/v2\/product"}],"about":[{"href":"https:\/\/scubapanama.com\/es\/wp-json\/wp\/v2\/types\/product"}],"replies":[{"embeddable":true,"href":"https:\/\/scubapanama.com\/es\/wp-json\/wp\/v2\/comments?post=20426"}],"version-history":[{"count":3,"href":"https:\/\/scubapanama.com\/es\/wp-json\/wp\/v2\/product\/20426\/revisions"}],"predecessor-version":[{"id":29708,"href":"https:\/\/scubapanama.com\/es\/wp-json\/wp\/v2\/product\/20426\/revisions\/29708"}],"wp:featuredmedia":[{"embeddable":true,"href":"https:\/\/scubapanama.com\/es\/wp-json\/wp\/v2\/media\/28717"}],"wp:attachment":[{"href":"https:\/\/scubapanama.com\/es\/wp-json\/wp\/v2\/media?parent=20426"}],"wp:term":[{"taxonomy":"product_brand","embeddable":true,"href":"https:\/\/scubapanama.com\/es\/wp-json\/wp\/v2\/product_brand?post=20426"},{"taxonomy":"product_cat","embeddable":true,"href":"https:\/\/scubapanama.com\/es\/wp-json\/wp\/v2\/product_cat?post=20426"},{"taxonomy":"product_tag","embeddable":true,"href":"https:\/\/scubapanama.com\/es\/wp-json\/wp\/v2\/product_tag?post=20426"}],"curies":[{"name":"wp","href":"https:\/\/api.w.org\/{rel}","templated":true}]}}