{"id":20423,"date":"2025-01-23T01:50:50","date_gmt":"2025-01-23T06:50:50","guid":{"rendered":"https:\/\/scubapanama.com\/product\/pioneer-slkito8-dragon-marino-mini-1300s\/"},"modified":"2025-05-20T08:47:54","modified_gmt":"2025-05-20T13:47:54","slug":"pioneer-slkito8-dragon-marino-mini-1300s","status":"publish","type":"product","link":"https:\/\/scubapanama.com\/es\/product\/pioneer-slkito8-dragon-marino-mini-1300s\/","title":{"rendered":"DRAGON MARINO MINI 1300S (SLKITO8)"},"content":{"rendered":"<p>El kit de alimentaci\u00f3n Sea Dragon Mini 1300S SLKITO8 incluye la potente linterna de buceo 1300S, una bater\u00eda 18650 de 26 mAh y un cargador USB. Ofrece una gran luminosidad y un haz estrecho de 8\u00b0 de largo alcance. Todas las funciones de la linterna son f\u00e1cilmente accesibles con una sola mano para alternar entre cinco modos de iluminaci\u00f3n.<\/p>\n<p><strong>Haz ultraestrecho de alta luminosidad.<br \/>\n<\/strong>El kit de potencia Sea Dragon Mini 1300S ofrece 1300 l\u00famenes reales, una luminosidad excepcional y un haz estrecho de largo alcance. Todas las funciones de la luz son f\u00e1cilmente accesibles con una sola mano para alternar entre cinco modos de iluminaci\u00f3n.<\/p>\n<p><strong>Cinco modos de iluminaci\u00f3n<br \/>\n<\/strong>potencia m\u00e1xima, media potencia, un cuarto de potencia, se\u00f1al de destello de un segundo y se\u00f1al de emergencia SOS, ambos a m\u00e1xima potencia. La linterna funciona como linterna de buceo principal o de respaldo gracias a su tama\u00f1o compacto, larga duraci\u00f3n y gran potencia. Con un \u00e1ngulo de haz estrecho de 8\u00b0 (6\u00b0 bajo el agua), esta potente linterna de 1300 l\u00famenes es perfecta para localizar criaturas marinas a distancia, observar en zonas oscuras o grietas, captar la atenci\u00f3n de un compa\u00f1ero o guiar una inmersi\u00f3n nocturna.<\/p>\n<p><strong>Construcci\u00f3n robusta.<br \/>\n<\/strong>La linterna Mini 1300S est\u00e1 fabricada con un cuerpo mecanizado de aluminio anodizado para m\u00e1xima durabilidad y resistencia a la corrosi\u00f3n. El dise\u00f1o de doble junta t\u00f3rica garantiza un sellado herm\u00e9tico fiable hasta profundidades de 100 m (330 pies). El bot\u00f3n de encendido y modo de la linterna tambi\u00e9n cuenta con un indicador de nivel de carga de la bater\u00eda, que se ilumina de verde a \u00e1mbar y a rojo cuando la bater\u00eda est\u00e1 agotada.<\/p>\n<p><strong>Larga duraci\u00f3n:<br \/>\n<\/strong>La linterna funciona durante m\u00e1s de 5,5 horas con una bater\u00eda recargable 18650 de iones de litio de 3500 mAh a un cuarto de su capacidad, m\u00e1s de 2,8 horas a media potencia o aproximadamente 1,5 horas a plena potencia. Tambi\u00e9n se pueden usar dos bater\u00edas CR123 desechables con una autonom\u00eda de 4 horas a un cuarto de su capacidad y 1 hora a plena potencia. La empu\u00f1adura de la bater\u00eda incorpora una v\u00e1lvula de seguridad de liberaci\u00f3n de presi\u00f3n que alivia la presi\u00f3n interna acumulada en caso de que la bater\u00eda se da\u00f1e y se sobrecaliente.<\/p>\n<p>La compacta linterna de buceo Sea Dragon Mini 1300S cabe f\u00e1cilmente en el bolsillo de su chaleco. Incluye un cord\u00f3n de mu\u00f1eca con clip para el chaleco, que permite sujetar la linterna a la mu\u00f1eca o engancharla a la anilla D de su chaleco. El kit de alimentaci\u00f3n Sea Dragon Mini 1300S incluye todo lo que viene con la linterna est\u00e1ndar, adem\u00e1s de una bater\u00eda 18650 de 2600 mAh y un cargador USB.<\/p>\n","protected":false},"excerpt":{"rendered":"<p>El kit de alimentaci\u00f3n Sea Dragon Mini 1300S SLKITO8 incluye la potente linterna de buceo 1300S, una bater\u00eda 18650 de 26 mAh y un cargador USB.<\/p>\n","protected":false},"featured_media":28723,"comment_status":"open","ping_status":"closed","template":"","meta":{"iawp_total_views":3,"_joinchat":[]},"product_brand":[],"product_cat":[111],"product_tag":[],"class_list":{"0":"post-20423","1":"product","2":"type-product","3":"status-publish","4":"has-post-thumbnail","6":"product_cat-tienda-online","8":"first","9":"instock","10":"taxable","11":"shipping-taxable","12":"purchasable","13":"product-type-simple"},"booking_location":null,"booking_location_type":null,"booking_duration":null,"booking_duration_unit":null,"booking_buffer":null,"booking_cost":null,"booking_resources":null,"_links":{"self":[{"href":"https:\/\/scubapanama.com\/es\/wp-json\/wp\/v2\/product\/20423","targetHints":{"allow":["GET"]}}],"collection":[{"href":"https:\/\/scubapanama.com\/es\/wp-json\/wp\/v2\/product"}],"about":[{"href":"https:\/\/scubapanama.com\/es\/wp-json\/wp\/v2\/types\/product"}],"replies":[{"embeddable":true,"href":"https:\/\/scubapanama.com\/es\/wp-json\/wp\/v2\/comments?post=20423"}],"version-history":[{"count":3,"href":"https:\/\/scubapanama.com\/es\/wp-json\/wp\/v2\/product\/20423\/revisions"}],"predecessor-version":[{"id":29707,"href":"https:\/\/scubapanama.com\/es\/wp-json\/wp\/v2\/product\/20423\/revisions\/29707"}],"wp:featuredmedia":[{"embeddable":true,"href":"https:\/\/scubapanama.com\/es\/wp-json\/wp\/v2\/media\/28723"}],"wp:attachment":[{"href":"https:\/\/scubapanama.com\/es\/wp-json\/wp\/v2\/media?parent=20423"}],"wp:term":[{"taxonomy":"product_brand","embeddable":true,"href":"https:\/\/scubapanama.com\/es\/wp-json\/wp\/v2\/product_brand?post=20423"},{"taxonomy":"product_cat","embeddable":true,"href":"https:\/\/scubapanama.com\/es\/wp-json\/wp\/v2\/product_cat?post=20423"},{"taxonomy":"product_tag","embeddable":true,"href":"https:\/\/scubapanama.com\/es\/wp-json\/wp\/v2\/product_tag?post=20423"}],"curies":[{"name":"wp","href":"https:\/\/api.w.org\/{rel}","templated":true}]}}