{"id":20422,"date":"2025-01-23T01:50:51","date_gmt":"2025-01-23T06:50:51","guid":{"rendered":"https:\/\/scubapanama.com\/product\/r095-pulpo-polybaged-nuevo\/"},"modified":"2025-05-21T10:58:14","modified_gmt":"2025-05-21T15:58:14","slug":"r095-pulpo-polybaged-nuevo","status":"publish","type":"product","link":"https:\/\/scubapanama.com\/es\/product\/r095-pulpo-polybaged-nuevo\/","title":{"rendered":"SCUBAPRO PULPO, POLYBAGED NUEVO (R095)"},"content":{"rendered":"<p>El R095 OCTO es una segunda etapa econ\u00f3mica con v\u00e1lvula downstream cl\u00e1sica que se ha ganado una merecida reputaci\u00f3n por su seguridad y fiabilidad. Con un dise\u00f1o orientado a la facilidad de uso en caso de emergencia, el R095 OCTO se entrega preajustado para ofrecer el volumen \u00f3ptimo de inhalaci\u00f3n, lo que garantiza un uso seguro y sencillo. No tendr\u00e1 que preocuparse por controles ni mandos: basta con colocarlo en la boca y respirar. El R095 OCTO incluye una tapa de purga amarilla de alta visibilidad y un latiguillo amarillo de 1 m para facilitar la operaci\u00f3n de compartir el aire con un compa\u00f1ero que lo necesite. Adem\u00e1s, es una segunda etapa muy vers\u00e1til para usar con botellas de descompresi\u00f3n, gracias a su conexi\u00f3n de latiguillo reversible.<\/p>\n","protected":false},"excerpt":{"rendered":"<p>El R095 OCTO es una segunda etapa econ\u00f3mica con v\u00e1lvula downstream cl\u00e1sica que se ha ganado una merecida reputaci\u00f3n por su seguridad y fiabilidad.<\/p>\n","protected":false},"featured_media":28300,"comment_status":"open","ping_status":"closed","template":"","meta":{"iawp_total_views":4,"_joinchat":[]},"product_brand":[],"product_cat":[111],"product_tag":[156,153],"class_list":{"0":"post-20422","1":"product","2":"type-product","3":"status-publish","4":"has-post-thumbnail","6":"product_cat-tienda-online","7":"product_tag-octopus-es","8":"product_tag-scubapro-es","10":"first","11":"instock","12":"taxable","13":"shipping-taxable","14":"product-type-simple"},"booking_location":null,"booking_location_type":null,"booking_duration":null,"booking_duration_unit":null,"booking_buffer":null,"booking_cost":null,"booking_resources":null,"_links":{"self":[{"href":"https:\/\/scubapanama.com\/es\/wp-json\/wp\/v2\/product\/20422","targetHints":{"allow":["GET"]}}],"collection":[{"href":"https:\/\/scubapanama.com\/es\/wp-json\/wp\/v2\/product"}],"about":[{"href":"https:\/\/scubapanama.com\/es\/wp-json\/wp\/v2\/types\/product"}],"replies":[{"embeddable":true,"href":"https:\/\/scubapanama.com\/es\/wp-json\/wp\/v2\/comments?post=20422"}],"version-history":[{"count":3,"href":"https:\/\/scubapanama.com\/es\/wp-json\/wp\/v2\/product\/20422\/revisions"}],"predecessor-version":[{"id":29997,"href":"https:\/\/scubapanama.com\/es\/wp-json\/wp\/v2\/product\/20422\/revisions\/29997"}],"wp:featuredmedia":[{"embeddable":true,"href":"https:\/\/scubapanama.com\/es\/wp-json\/wp\/v2\/media\/28300"}],"wp:attachment":[{"href":"https:\/\/scubapanama.com\/es\/wp-json\/wp\/v2\/media?parent=20422"}],"wp:term":[{"taxonomy":"product_brand","embeddable":true,"href":"https:\/\/scubapanama.com\/es\/wp-json\/wp\/v2\/product_brand?post=20422"},{"taxonomy":"product_cat","embeddable":true,"href":"https:\/\/scubapanama.com\/es\/wp-json\/wp\/v2\/product_cat?post=20422"},{"taxonomy":"product_tag","embeddable":true,"href":"https:\/\/scubapanama.com\/es\/wp-json\/wp\/v2\/product_tag?post=20422"}],"curies":[{"name":"wp","href":"https:\/\/api.w.org\/{rel}","templated":true}]}}