{"id":20394,"date":"2025-01-23T01:49:39","date_gmt":"2025-01-23T06:49:39","guid":{"rendered":"https:\/\/scubapanama.com\/product\/05-5141-64-mascara-oceanica-ion-3-ibu\/"},"modified":"2025-05-21T10:44:12","modified_gmt":"2025-05-21T15:44:12","slug":"05-5141-64-mascara-oceanica-ion-3-ibu","status":"publish","type":"product","link":"https:\/\/scubapanama.com\/es\/product\/05-5141-64-mascara-oceanica-ion-3-ibu\/","title":{"rendered":"OCEANIC M\u00c1SCARA OCE\u00c1NICA ION 3 IBU (05.5141.64)"},"content":{"rendered":"<p>Vista de gran angular. Una m\u00e1scara de tres ventanas con tecnolog\u00eda de lente panor\u00e1mica sin costuras para aumentar la visibilidad mientras est\u00e1 bajo el agua. \u00a1No m\u00e1s puntos ciegos! Dise\u00f1ado para adaptarse a mujeres y caras m\u00e1s peque\u00f1as, esta m\u00e1scara viene con nuestra correa de neopreno c\u00f3moda y hebillas giratorias f\u00e1ciles de ajustar.<\/p>\n","protected":false},"excerpt":{"rendered":"<p>Vista de gran angular. Una m\u00e1scara de tres ventanas con tecnolog\u00eda de lente panor\u00e1mica sin costuras para aumentar la visibilidad mientras est\u00e1 bajo el agua.<\/p>\n","protected":false},"featured_media":23448,"comment_status":"open","ping_status":"closed","template":"","meta":{"iawp_total_views":2,"_joinchat":[]},"product_brand":[],"product_cat":[111],"product_tag":[126],"class_list":{"0":"post-20394","1":"product","2":"type-product","3":"status-publish","4":"has-post-thumbnail","6":"product_cat-tienda-online","7":"product_tag-oceanic-es","9":"first","10":"instock","11":"taxable","12":"shipping-taxable","13":"purchasable","14":"product-type-simple"},"booking_location":null,"booking_location_type":null,"booking_duration":null,"booking_duration_unit":null,"booking_buffer":null,"booking_cost":null,"booking_resources":null,"_links":{"self":[{"href":"https:\/\/scubapanama.com\/es\/wp-json\/wp\/v2\/product\/20394","targetHints":{"allow":["GET"]}}],"collection":[{"href":"https:\/\/scubapanama.com\/es\/wp-json\/wp\/v2\/product"}],"about":[{"href":"https:\/\/scubapanama.com\/es\/wp-json\/wp\/v2\/types\/product"}],"replies":[{"embeddable":true,"href":"https:\/\/scubapanama.com\/es\/wp-json\/wp\/v2\/comments?post=20394"}],"version-history":[{"count":2,"href":"https:\/\/scubapanama.com\/es\/wp-json\/wp\/v2\/product\/20394\/revisions"}],"predecessor-version":[{"id":29964,"href":"https:\/\/scubapanama.com\/es\/wp-json\/wp\/v2\/product\/20394\/revisions\/29964"}],"wp:featuredmedia":[{"embeddable":true,"href":"https:\/\/scubapanama.com\/es\/wp-json\/wp\/v2\/media\/23448"}],"wp:attachment":[{"href":"https:\/\/scubapanama.com\/es\/wp-json\/wp\/v2\/media?parent=20394"}],"wp:term":[{"taxonomy":"product_brand","embeddable":true,"href":"https:\/\/scubapanama.com\/es\/wp-json\/wp\/v2\/product_brand?post=20394"},{"taxonomy":"product_cat","embeddable":true,"href":"https:\/\/scubapanama.com\/es\/wp-json\/wp\/v2\/product_cat?post=20394"},{"taxonomy":"product_tag","embeddable":true,"href":"https:\/\/scubapanama.com\/es\/wp-json\/wp\/v2\/product_tag?post=20394"}],"curies":[{"name":"wp","href":"https:\/\/api.w.org\/{rel}","templated":true}]}}