{"id":20392,"date":"2025-01-23T01:49:39","date_gmt":"2025-01-23T06:49:39","guid":{"rendered":"https:\/\/scubapanama.com\/product\/07-2207-01-esnorquel-oceanico-arido-oc-azul-negro\/"},"modified":"2025-05-21T10:36:13","modified_gmt":"2025-05-21T15:36:13","slug":"07-2207-01-esnorquel-oceanico-arido-oc-azul-negro","status":"publish","type":"product","link":"https:\/\/scubapanama.com\/es\/product\/07-2207-01-esnorquel-oceanico-arido-oc-azul-negro\/","title":{"rendered":"OCEANIC ESN\u00d3RQUEL OCE\u00c1NICO \u00c1RIDO OC AZUL\/NEGRO (07.2207.01)"},"content":{"rendered":"<p>Dise\u00f1ado para ser exactamente lo que su nombre sugiere, el snorkel Ultra Dry incorpora la tecnolog\u00eda Dry Snorkel de Oceanic en un producto de perfil ultra bajo que est\u00e1 dise\u00f1ado ergon\u00f3micamente para brindar comodidad y funcionalidad.<\/p>\n","protected":false},"excerpt":{"rendered":"<p>Dry Snorkel de Oceanic en un producto de perfil ultra bajo que est\u00e1 dise\u00f1ado ergon\u00f3micamente para brindar comodidad y funcionalidad.<\/p>\n","protected":false},"featured_media":23355,"comment_status":"open","ping_status":"closed","template":"","meta":{"iawp_total_views":2,"_joinchat":[]},"product_brand":[],"product_cat":[111],"product_tag":[126],"class_list":{"0":"post-20392","1":"product","2":"type-product","3":"status-publish","4":"has-post-thumbnail","6":"product_cat-tienda-online","7":"product_tag-oceanic-es","9":"first","10":"instock","11":"taxable","12":"shipping-taxable","13":"purchasable","14":"product-type-simple"},"booking_location":null,"booking_location_type":null,"booking_duration":null,"booking_duration_unit":null,"booking_buffer":null,"booking_cost":null,"booking_resources":null,"_links":{"self":[{"href":"https:\/\/scubapanama.com\/es\/wp-json\/wp\/v2\/product\/20392","targetHints":{"allow":["GET"]}}],"collection":[{"href":"https:\/\/scubapanama.com\/es\/wp-json\/wp\/v2\/product"}],"about":[{"href":"https:\/\/scubapanama.com\/es\/wp-json\/wp\/v2\/types\/product"}],"replies":[{"embeddable":true,"href":"https:\/\/scubapanama.com\/es\/wp-json\/wp\/v2\/comments?post=20392"}],"version-history":[{"count":2,"href":"https:\/\/scubapanama.com\/es\/wp-json\/wp\/v2\/product\/20392\/revisions"}],"predecessor-version":[{"id":29949,"href":"https:\/\/scubapanama.com\/es\/wp-json\/wp\/v2\/product\/20392\/revisions\/29949"}],"wp:featuredmedia":[{"embeddable":true,"href":"https:\/\/scubapanama.com\/es\/wp-json\/wp\/v2\/media\/23355"}],"wp:attachment":[{"href":"https:\/\/scubapanama.com\/es\/wp-json\/wp\/v2\/media?parent=20392"}],"wp:term":[{"taxonomy":"product_brand","embeddable":true,"href":"https:\/\/scubapanama.com\/es\/wp-json\/wp\/v2\/product_brand?post=20392"},{"taxonomy":"product_cat","embeddable":true,"href":"https:\/\/scubapanama.com\/es\/wp-json\/wp\/v2\/product_cat?post=20392"},{"taxonomy":"product_tag","embeddable":true,"href":"https:\/\/scubapanama.com\/es\/wp-json\/wp\/v2\/product_tag?post=20392"}],"curies":[{"name":"wp","href":"https:\/\/api.w.org\/{rel}","templated":true}]}}