{"id":20389,"date":"2025-01-23T01:49:40","date_gmt":"2025-01-23T06:49:40","guid":{"rendered":"https:\/\/scubapanama.com\/product\/14-3007-53-aleta-oceanica-vortex-v-6-tbk-md-7-8\/"},"modified":"2025-04-25T11:45:23","modified_gmt":"2025-04-25T16:45:23","slug":"14-3007-53-aleta-oceanica-vortex-v-6-tbk-md-7-8","status":"publish","type":"product","link":"https:\/\/scubapanama.com\/es\/product\/14-3007-53-aleta-oceanica-vortex-v-6-tbk-md-7-8\/","title":{"rendered":"ALETA OCE\u00c1NICA VORTEX V &#8211; 6 TBK MD 7\/8 (14.3007.53)"},"content":{"rendered":"<p>La Vortex V6 es ideal para buceadores de aguas c\u00e1lidas, practicantes de snorkel o apnea que buscan m\u00e1xima potencia, respuesta y aceleraci\u00f3n en cada giro. La V-6 es extremadamente ligera, pero ofrece mayor velocidad y eficiencia que la mayor\u00eda de las aletas de tal\u00f3n abierto.<\/p>\n","protected":false},"excerpt":{"rendered":"<p>La Vortex V6 es ideal para buceadores de aguas c\u00e1lidas, practicantes de snorkel o apnea que buscan m\u00e1xima potencia, respuesta y aceleraci\u00f3n en cada giro.<\/p>\n","protected":false},"featured_media":23393,"comment_status":"open","ping_status":"closed","template":"","meta":{"iawp_total_views":9,"_joinchat":[]},"product_brand":[],"product_cat":[111],"product_tag":[126],"class_list":{"0":"post-20389","1":"product","2":"type-product","3":"status-publish","4":"has-post-thumbnail","6":"product_cat-tienda-online","7":"product_tag-oceanic-es","9":"first","10":"instock","11":"taxable","12":"shipping-taxable","13":"purchasable","14":"product-type-simple"},"booking_location":null,"booking_location_type":null,"booking_duration":null,"booking_duration_unit":null,"booking_buffer":null,"booking_cost":null,"booking_resources":null,"_links":{"self":[{"href":"https:\/\/scubapanama.com\/es\/wp-json\/wp\/v2\/product\/20389","targetHints":{"allow":["GET"]}}],"collection":[{"href":"https:\/\/scubapanama.com\/es\/wp-json\/wp\/v2\/product"}],"about":[{"href":"https:\/\/scubapanama.com\/es\/wp-json\/wp\/v2\/types\/product"}],"replies":[{"embeddable":true,"href":"https:\/\/scubapanama.com\/es\/wp-json\/wp\/v2\/comments?post=20389"}],"version-history":[{"count":2,"href":"https:\/\/scubapanama.com\/es\/wp-json\/wp\/v2\/product\/20389\/revisions"}],"predecessor-version":[{"id":23599,"href":"https:\/\/scubapanama.com\/es\/wp-json\/wp\/v2\/product\/20389\/revisions\/23599"}],"wp:featuredmedia":[{"embeddable":true,"href":"https:\/\/scubapanama.com\/es\/wp-json\/wp\/v2\/media\/23393"}],"wp:attachment":[{"href":"https:\/\/scubapanama.com\/es\/wp-json\/wp\/v2\/media?parent=20389"}],"wp:term":[{"taxonomy":"product_brand","embeddable":true,"href":"https:\/\/scubapanama.com\/es\/wp-json\/wp\/v2\/product_brand?post=20389"},{"taxonomy":"product_cat","embeddable":true,"href":"https:\/\/scubapanama.com\/es\/wp-json\/wp\/v2\/product_cat?post=20389"},{"taxonomy":"product_tag","embeddable":true,"href":"https:\/\/scubapanama.com\/es\/wp-json\/wp\/v2\/product_tag?post=20389"}],"curies":[{"name":"wp","href":"https:\/\/api.w.org\/{rel}","templated":true}]}}