{"id":20379,"date":"2025-01-23T01:49:40","date_gmt":"2025-01-23T06:49:40","guid":{"rendered":"https:\/\/scubapanama.com\/product\/14-3969-56-oceanic-viper-2-oh-bl-xl\/"},"modified":"2025-04-25T11:36:39","modified_gmt":"2025-04-25T16:36:39","slug":"14-3969-56-oceanic-viper-2-oh-bl-xl","status":"publish","type":"product","link":"https:\/\/scubapanama.com\/es\/product\/14-3969-56-oceanic-viper-2-oh-bl-xl\/","title":{"rendered":"OCEANIC VIPER 2 OH BL XL (14.3969.56)"},"content":{"rendered":"<p>Mezcla de precisi\u00f3n de tecnolog\u00eda de hidrodin\u00e1mica y materiales para la m\u00e1xima comodidad, eficiencia y rendimiento.<\/p>\n<p>El canal de empuje flexible del Viper dirige el agua desde la punta de la pala para mejorar la potencia y la eficiencia.<\/p>\n<p>Los canales dise\u00f1ados y los rieles laterales dirigen el flujo de agua desde las puntas de la aleta sin permitir que el agua se \u00abderrame\u00bb desde los costados de la pala para una potencia y eficiencia inigualables.<\/p>\n","protected":false},"excerpt":{"rendered":"<p>Mezcla de precisi\u00f3n de tecnolog\u00eda de hidrodin\u00e1mica y materiales para la m\u00e1xima comodidad, eficiencia y rendimiento.<\/p>\n","protected":false},"featured_media":30247,"comment_status":"open","ping_status":"closed","template":"","meta":{"iawp_total_views":4,"_joinchat":[]},"product_brand":[],"product_cat":[111],"product_tag":[126],"class_list":{"0":"post-20379","1":"product","2":"type-product","3":"status-publish","4":"has-post-thumbnail","6":"product_cat-tienda-online","7":"product_tag-oceanic-es","9":"first","10":"instock","11":"taxable","12":"shipping-taxable","13":"purchasable","14":"product-type-simple"},"booking_location":null,"booking_location_type":null,"booking_duration":null,"booking_duration_unit":null,"booking_buffer":null,"booking_cost":null,"booking_resources":null,"_links":{"self":[{"href":"https:\/\/scubapanama.com\/es\/wp-json\/wp\/v2\/product\/20379","targetHints":{"allow":["GET"]}}],"collection":[{"href":"https:\/\/scubapanama.com\/es\/wp-json\/wp\/v2\/product"}],"about":[{"href":"https:\/\/scubapanama.com\/es\/wp-json\/wp\/v2\/types\/product"}],"replies":[{"embeddable":true,"href":"https:\/\/scubapanama.com\/es\/wp-json\/wp\/v2\/comments?post=20379"}],"version-history":[{"count":2,"href":"https:\/\/scubapanama.com\/es\/wp-json\/wp\/v2\/product\/20379\/revisions"}],"predecessor-version":[{"id":23589,"href":"https:\/\/scubapanama.com\/es\/wp-json\/wp\/v2\/product\/20379\/revisions\/23589"}],"wp:featuredmedia":[{"embeddable":true,"href":"https:\/\/scubapanama.com\/es\/wp-json\/wp\/v2\/media\/30247"}],"wp:attachment":[{"href":"https:\/\/scubapanama.com\/es\/wp-json\/wp\/v2\/media?parent=20379"}],"wp:term":[{"taxonomy":"product_brand","embeddable":true,"href":"https:\/\/scubapanama.com\/es\/wp-json\/wp\/v2\/product_brand?post=20379"},{"taxonomy":"product_cat","embeddable":true,"href":"https:\/\/scubapanama.com\/es\/wp-json\/wp\/v2\/product_cat?post=20379"},{"taxonomy":"product_tag","embeddable":true,"href":"https:\/\/scubapanama.com\/es\/wp-json\/wp\/v2\/product_tag?post=20379"}],"curies":[{"name":"wp","href":"https:\/\/api.w.org\/{rel}","templated":true}]}}