{"id":20377,"date":"2025-01-23T01:49:40","date_gmt":"2025-01-23T06:49:40","guid":{"rendered":"https:\/\/scubapanama.com\/product\/14-4011-52-aleta-oceanica-vortex-v8-tbu-sm\/"},"modified":"2025-05-21T10:25:14","modified_gmt":"2025-05-21T15:25:14","slug":"14-4011-52-aleta-oceanica-vortex-v8-tbu-sm","status":"publish","type":"product","link":"https:\/\/scubapanama.com\/es\/product\/14-4011-52-aleta-oceanica-vortex-v8-tbu-sm\/","title":{"rendered":"OCEANIC ALETA OCE\u00c1NICA VORTEX V8 TBU SM (14.4011.52)"},"content":{"rendered":"<p>La Vortex V6 es ideal para buceadores de aguas c\u00e1lidas, practicantes de snorkel o apnea que buscan m\u00e1xima potencia, respuesta y aceleraci\u00f3n en cada giro. La V-6 es extremadamente ligera, pero ofrece mayor velocidad y eficiencia que la mayor\u00eda de las aletas de tal\u00f3n abierto.<\/p>\n","protected":false},"excerpt":{"rendered":"<p>La Vortex V6 es ideal para buceadores de aguas c\u00e1lidas, practicantes de snorkel o apnea que buscan m\u00e1xima potencia, respuesta y aceleraci\u00f3n en cada giro.<\/p>\n","protected":false},"featured_media":23393,"comment_status":"open","ping_status":"closed","template":"","meta":{"iawp_total_views":9,"_joinchat":[]},"product_brand":[],"product_cat":[111],"product_tag":[126],"class_list":{"0":"post-20377","1":"product","2":"type-product","3":"status-publish","4":"has-post-thumbnail","6":"product_cat-tienda-online","7":"product_tag-oceanic-es","9":"first","10":"instock","11":"taxable","12":"shipping-taxable","13":"purchasable","14":"product-type-simple"},"booking_location":null,"booking_location_type":null,"booking_duration":null,"booking_duration_unit":null,"booking_buffer":null,"booking_cost":null,"booking_resources":null,"_links":{"self":[{"href":"https:\/\/scubapanama.com\/es\/wp-json\/wp\/v2\/product\/20377","targetHints":{"allow":["GET"]}}],"collection":[{"href":"https:\/\/scubapanama.com\/es\/wp-json\/wp\/v2\/product"}],"about":[{"href":"https:\/\/scubapanama.com\/es\/wp-json\/wp\/v2\/types\/product"}],"replies":[{"embeddable":true,"href":"https:\/\/scubapanama.com\/es\/wp-json\/wp\/v2\/comments?post=20377"}],"version-history":[{"count":3,"href":"https:\/\/scubapanama.com\/es\/wp-json\/wp\/v2\/product\/20377\/revisions"}],"predecessor-version":[{"id":29935,"href":"https:\/\/scubapanama.com\/es\/wp-json\/wp\/v2\/product\/20377\/revisions\/29935"}],"wp:featuredmedia":[{"embeddable":true,"href":"https:\/\/scubapanama.com\/es\/wp-json\/wp\/v2\/media\/23393"}],"wp:attachment":[{"href":"https:\/\/scubapanama.com\/es\/wp-json\/wp\/v2\/media?parent=20377"}],"wp:term":[{"taxonomy":"product_brand","embeddable":true,"href":"https:\/\/scubapanama.com\/es\/wp-json\/wp\/v2\/product_brand?post=20377"},{"taxonomy":"product_cat","embeddable":true,"href":"https:\/\/scubapanama.com\/es\/wp-json\/wp\/v2\/product_cat?post=20377"},{"taxonomy":"product_tag","embeddable":true,"href":"https:\/\/scubapanama.com\/es\/wp-json\/wp\/v2\/product_tag?post=20377"}],"curies":[{"name":"wp","href":"https:\/\/api.w.org\/{rel}","templated":true}]}}