{"id":20370,"date":"2025-01-23T01:49:41","date_gmt":"2025-01-23T06:49:41","guid":{"rendered":"https:\/\/scubapanama.com\/product\/14-6417-55-vibora-oceanica-f-f-bu-bk-10-5-11-5\/"},"modified":"2025-05-21T10:23:48","modified_gmt":"2025-05-21T15:23:48","slug":"14-6417-55-vibora-oceanica-f-f-bu-bk-10-5-11-5","status":"publish","type":"product","link":"https:\/\/scubapanama.com\/es\/product\/14-6417-55-vibora-oceanica-f-f-bu-bk-10-5-11-5\/","title":{"rendered":"OCEANIC V\u00cdBORA OCE\u00c1NICA F\/F BU\/BK 10.5\/11.5 (14.6417.55)"},"content":{"rendered":"<p>Las aletas Viper 2 de tal\u00f3n abierto est\u00e1n listas para impulsar todas tus aventuras acu\u00e1ticas. Ideales para cualquier nivel, ofrecen el rendimiento y la est\u00e9tica de un modelo de \u00e9lite. La aleta Viper 2 combina hidrodin\u00e1mica de precisi\u00f3n para m\u00e1xima comodidad, eficiencia y rendimiento. El canal flexible Power Thrust y los rieles de canal mejorados dirigen el flujo de agua hacia las puntas de la aleta, ofreciendo potencia y eficiencia inigualables a un precio excelente.<\/p>\n","protected":false},"excerpt":{"rendered":"<p>Las aletas Viper 2 de tal\u00f3n abierto est\u00e1n listas para impulsar todas tus aventuras acu\u00e1ticas. Ideales para cualquier nivel, ofrecen el rendimiento y la est\u00e9tica de un modelo de \u00e9lite.<\/p>\n","protected":false},"featured_media":23364,"comment_status":"open","ping_status":"closed","template":"","meta":{"iawp_total_views":0,"_joinchat":[]},"product_brand":[],"product_cat":[111],"product_tag":[126],"class_list":{"0":"post-20370","1":"product","2":"type-product","3":"status-publish","4":"has-post-thumbnail","6":"product_cat-tienda-online","7":"product_tag-oceanic-es","9":"first","10":"instock","11":"taxable","12":"shipping-taxable","13":"purchasable","14":"product-type-simple"},"booking_location":null,"booking_location_type":null,"booking_duration":null,"booking_duration_unit":null,"booking_buffer":null,"booking_cost":null,"booking_resources":null,"_links":{"self":[{"href":"https:\/\/scubapanama.com\/es\/wp-json\/wp\/v2\/product\/20370","targetHints":{"allow":["GET"]}}],"collection":[{"href":"https:\/\/scubapanama.com\/es\/wp-json\/wp\/v2\/product"}],"about":[{"href":"https:\/\/scubapanama.com\/es\/wp-json\/wp\/v2\/types\/product"}],"replies":[{"embeddable":true,"href":"https:\/\/scubapanama.com\/es\/wp-json\/wp\/v2\/comments?post=20370"}],"version-history":[{"count":4,"href":"https:\/\/scubapanama.com\/es\/wp-json\/wp\/v2\/product\/20370\/revisions"}],"predecessor-version":[{"id":29924,"href":"https:\/\/scubapanama.com\/es\/wp-json\/wp\/v2\/product\/20370\/revisions\/29924"}],"wp:featuredmedia":[{"embeddable":true,"href":"https:\/\/scubapanama.com\/es\/wp-json\/wp\/v2\/media\/23364"}],"wp:attachment":[{"href":"https:\/\/scubapanama.com\/es\/wp-json\/wp\/v2\/media?parent=20370"}],"wp:term":[{"taxonomy":"product_brand","embeddable":true,"href":"https:\/\/scubapanama.com\/es\/wp-json\/wp\/v2\/product_brand?post=20370"},{"taxonomy":"product_cat","embeddable":true,"href":"https:\/\/scubapanama.com\/es\/wp-json\/wp\/v2\/product_cat?post=20370"},{"taxonomy":"product_tag","embeddable":true,"href":"https:\/\/scubapanama.com\/es\/wp-json\/wp\/v2\/product_tag?post=20370"}],"curies":[{"name":"wp","href":"https:\/\/api.w.org\/{rel}","templated":true}]}}