{"id":22450,"date":"2025-03-24T16:54:54","date_gmt":"2025-03-24T21:54:54","guid":{"rendered":"https:\/\/scubapanama.com\/politica-de-privacidad\/"},"modified":"2025-03-24T17:03:23","modified_gmt":"2025-03-24T22:03:23","slug":"politica-de-privacidad","status":"publish","type":"page","link":"https:\/\/scubapanama.com\/es\/politica-de-privacidad\/","title":{"rendered":"Pol\u00edtica de privacidad"},"content":{"rendered":"<p class=\"\" data-start=\"293\" data-end=\"525\">En <strong data-start=\"296\" data-end=\"312\">Scuba Panama<\/strong>, tu privacidad es importante para nosotros. Esta Pol\u00edtica de privacidad describe c\u00f3mo recopilamos, utilizamos, revelamos y protegemos tu informaci\u00f3n cuando visitas nuestro sitio web, reservas nuestros servicios o realizas compras en nuestra tienda online.<\/p>\n<h3 class=\"\" data-start=\"527\" data-end=\"556\">1. Informaci\u00f3n que recogemos<\/h3>\n<p class=\"\" data-start=\"558\" data-end=\"638\">Recogemos los siguientes tipos de informaci\u00f3n personal cuando utilizas nuestro sitio web:<\/p>\n<ul data-start=\"640\" data-end=\"1131\">\n<li class=\"\" data-start=\"640\" data-end=\"821\">\n<p class=\"\" data-start=\"642\" data-end=\"821\"><strong data-start=\"642\" data-end=\"667\">Datos personales:<\/strong> Nombre, correo electr\u00f3nico, n\u00famero de tel\u00e9fono, direcci\u00f3n, datos de facturaci\u00f3n\/env\u00edo, fecha de nacimiento (para visitas guiadas\/certificaci\u00f3n), pasaporte\/DNI (para reservas internacionales).<\/p>\n<\/li>\n<li class=\"\" data-start=\"822\" data-end=\"931\">\n<p class=\"\" data-start=\"824\" data-end=\"931\"><strong data-start=\"824\" data-end=\"848\">Informaci\u00f3n de pago:<\/strong> Datos de la tarjeta de cr\u00e9dito\/d\u00e9bito (procesados de forma segura a trav\u00e9s de procesadores de pago externos).<\/p>\n<\/li>\n<li class=\"\" data-start=\"932\" data-end=\"1037\">\n<p class=\"\" data-start=\"934\" data-end=\"1037\"><strong data-start=\"934\" data-end=\"953\">Datos t\u00e9cnicos:<\/strong> Direcci\u00f3n IP, tipo de navegador, informaci\u00f3n del dispositivo, p\u00e1ginas visitadas y sitio web de referencia.<\/p>\n<\/li>\n<li class=\"\" data-start=\"1038\" data-end=\"1131\">\n<p class=\"\" data-start=\"1040\" data-end=\"1131\"><strong data-start=\"1040\" data-end=\"1071\">Historial de reservas y compras:<\/strong> Recorrido, curso, reservas de alojamiento y productos adquiridos.<\/p>\n<\/li>\n<\/ul>\n<h3 class=\"\" data-start=\"1133\" data-end=\"1167\">2. C\u00f3mo utilizamos tu informaci\u00f3n<\/h3>\n<p class=\"\" data-start=\"1169\" data-end=\"1196\">Utilizamos tu informaci\u00f3n para:<\/p>\n<ul data-start=\"1198\" data-end=\"1389\">\n<li class=\"\" data-start=\"1198\" data-end=\"1235\">\n<p class=\"\" data-start=\"1200\" data-end=\"1235\">Tramita reservas y pedidos online.<\/p>\n<\/li>\n<li class=\"\" data-start=\"1236\" data-end=\"1279\">\n<p class=\"\" data-start=\"1238\" data-end=\"1279\">Env\u00eda confirmaciones y actualizaciones importantes.<\/p>\n<\/li>\n<li class=\"\" data-start=\"1280\" data-end=\"1307\">\n<p class=\"\" data-start=\"1282\" data-end=\"1307\">Proporcionar asistencia al cliente.<\/p>\n<\/li>\n<li class=\"\" data-start=\"1308\" data-end=\"1353\">\n<p class=\"\" data-start=\"1310\" data-end=\"1353\">Enviar correos electr\u00f3nicos de marketing (s\u00f3lo si aceptas).<\/p>\n<\/li>\n<li class=\"\" data-start=\"1354\" data-end=\"1389\">\n<p class=\"\" data-start=\"1356\" data-end=\"1389\">Mejorar nuestro sitio web y nuestros servicios.<\/p>\n<\/li>\n<\/ul>\n<h3 class=\"\" data-start=\"1391\" data-end=\"1422\">3. Compartir tu informaci\u00f3n<\/h3>\n<p class=\"\" data-start=\"1424\" data-end=\"1491\"><strong data-start=\"1430\" data-end=\"1437\">No<\/strong> vendemos tu informaci\u00f3n personal. Podemos compartirla con<\/p>\n<ul data-start=\"1493\" data-end=\"1686\">\n<li class=\"\" data-start=\"1493\" data-end=\"1605\">\n<p class=\"\" data-start=\"1495\" data-end=\"1605\"><strong data-start=\"1495\" data-end=\"1520\">Terceros de confianza<\/strong> (por ejemplo, procesadores de pagos, socios de alojamiento, operadores tur\u00edsticos) para cumplir tus pedidos.<\/p>\n<\/li>\n<li class=\"\" data-start=\"1606\" data-end=\"1686\">\n<p class=\"\" data-start=\"1608\" data-end=\"1686\"><strong data-start=\"1608\" data-end=\"1629\">Autoridades legales<\/strong> si es necesario para cumplir las leyes o hacer cumplir nuestras pol\u00edticas.<\/p>\n<\/li>\n<\/ul>\n<h3 class=\"\" data-start=\"1688\" data-end=\"1715\">4. Cookies y rastreo<\/h3>\n<p class=\"\" data-start=\"1717\" data-end=\"1859\">Utilizamos cookies para mejorar tu experiencia, analizar el tr\u00e1fico del sitio web y personalizar el contenido. Puedes desactivar las cookies en la configuraci\u00f3n de tu navegador.<\/p>\n<h3 class=\"\" data-start=\"1861\" data-end=\"1881\">5. Seguridad de los datos<\/h3>\n<p class=\"\" data-start=\"1883\" data-end=\"2076\">Aplicamos las medidas est\u00e1ndar del sector para proteger tu informaci\u00f3n, incluida la encriptaci\u00f3n SSL y el alojamiento seguro. Sin embargo, ning\u00fan sistema es 100% seguro, y no podemos garantizar una protecci\u00f3n absoluta.<\/p>\n<h3 class=\"\" data-start=\"2078\" data-end=\"2096\">6. Tus derechos<\/h3>\n<p class=\"\" data-start=\"2098\" data-end=\"2120\">Tienes derecho a:<\/p>\n<ul data-start=\"2122\" data-end=\"2243\">\n<li class=\"\" data-start=\"2122\" data-end=\"2162\">\n<p class=\"\" data-start=\"2124\" data-end=\"2162\">Acceder a tus datos personales y corregirlos.<\/p>\n<\/li>\n<li class=\"\" data-start=\"2163\" data-end=\"2202\">\n<p class=\"\" data-start=\"2165\" data-end=\"2202\">Solicitar la eliminaci\u00f3n de tu informaci\u00f3n.<\/p>\n<\/li>\n<li class=\"\" data-start=\"2203\" data-end=\"2243\">\n<p class=\"\" data-start=\"2205\" data-end=\"2243\">Retirar el consentimiento para recibir correos electr\u00f3nicos de marketing.<\/p>\n<\/li>\n<\/ul>\n<p class=\"\" data-start=\"2245\" data-end=\"2309\">Para ejercer tus derechos, ponte en contacto con nosotros en <strong>scubapanama@scubapanama.com.<\/strong><\/p>\n<h3 class=\"\" data-start=\"2311\" data-end=\"2335\">7. Enlaces de terceros<\/h3>\n<p class=\"\" data-start=\"2337\" data-end=\"2443\">Nuestro sitio web puede contener enlaces a sitios web de terceros. No somos responsables de sus pr\u00e1cticas de privacidad.<\/p>\n<h3 class=\"\" data-start=\"2445\" data-end=\"2474\">8. Cambios en esta pol\u00edtica<\/h3>\n<p class=\"\" data-start=\"2476\" data-end=\"2588\">Podemos actualizar esta Pol\u00edtica de Privacidad de vez en cuando. La \u00faltima versi\u00f3n estar\u00e1 siempre disponible en nuestro sitio web.<\/p>\n","protected":false},"excerpt":{"rendered":"<p>En Scuba Panama, tu privacidad es importante para nosotros. Esta Pol\u00edtica de privacidad describe c\u00f3mo recopilamos, utilizamos, revelamos y protegemos<\/p>\n","protected":false},"author":1,"featured_media":0,"parent":0,"menu_order":0,"comment_status":"closed","ping_status":"closed","template":"","meta":{"iawp_total_views":1,"_joinchat":[],"footnotes":""},"class_list":["post-22450","page","type-page","status-publish","hentry"],"_links":{"self":[{"href":"https:\/\/scubapanama.com\/es\/wp-json\/wp\/v2\/pages\/22450","targetHints":{"allow":["GET"]}}],"collection":[{"href":"https:\/\/scubapanama.com\/es\/wp-json\/wp\/v2\/pages"}],"about":[{"href":"https:\/\/scubapanama.com\/es\/wp-json\/wp\/v2\/types\/page"}],"author":[{"embeddable":true,"href":"https:\/\/scubapanama.com\/es\/wp-json\/wp\/v2\/users\/1"}],"replies":[{"embeddable":true,"href":"https:\/\/scubapanama.com\/es\/wp-json\/wp\/v2\/comments?post=22450"}],"version-history":[{"count":1,"href":"https:\/\/scubapanama.com\/es\/wp-json\/wp\/v2\/pages\/22450\/revisions"}],"predecessor-version":[{"id":22453,"href":"https:\/\/scubapanama.com\/es\/wp-json\/wp\/v2\/pages\/22450\/revisions\/22453"}],"wp:attachment":[{"href":"https:\/\/scubapanama.com\/es\/wp-json\/wp\/v2\/media?parent=22450"}],"curies":[{"name":"wp","href":"https:\/\/api.w.org\/{rel}","templated":true}]}}